{"id":1128,"date":"2021-10-26T12:11:17","date_gmt":"2021-10-26T12:11:17","guid":{"rendered":"https:\/\/asacean.com\/?page_id=1128"},"modified":"2021-10-26T13:13:46","modified_gmt":"2021-10-26T13:13:46","slug":"politicas-de-privacidad","status":"publish","type":"page","link":"https:\/\/asacean.com\/index.php\/politicas-de-privacidad\/","title":{"rendered":"Pol\u00edticas de privacidad"},"content":{"rendered":"\t\t<div data-elementor-type=\"wp-page\" data-elementor-id=\"1128\" class=\"elementor elementor-1128\">\n\t\t\t\t\t\t<section class=\"elementor-section elementor-top-section elementor-element elementor-element-1d3cc83a elementor-section-boxed elementor-section-height-default elementor-section-height-default\" data-id=\"1d3cc83a\" data-element_type=\"section\" data-e-type=\"section\">\n\t\t\t\t\t\t<div class=\"elementor-container elementor-column-gap-default\">\n\t\t\t\t\t<div class=\"elementor-column elementor-col-100 elementor-top-column elementor-element elementor-element-16d262e1\" data-id=\"16d262e1\" data-element_type=\"column\" data-e-type=\"column\">\n\t\t\t<div class=\"elementor-widget-wrap elementor-element-populated\">\n\t\t\t\t\t\t<div class=\"elementor-element elementor-element-630e42c2 elementor-widget elementor-widget-text-editor\" data-id=\"630e42c2\" data-element_type=\"widget\" data-e-type=\"widget\" data-widget_type=\"text-editor.default\">\n\t\t\t\t<div class=\"elementor-widget-container\">\n\t\t\t\t\t\t\t\t\t<p>Con la presente pol\u00edtica de privacidad ASOCIACI\u00d3N DE AUT\u00d3NOMOS COMERCIANTES Y EMPRESARIOS DE ANDALUC\u00cdA (en adelante ASACEAN), manifiesta cumplir con todos los requerimientos t\u00e9cnicos y organizativos estipulados en la legislaci\u00f3n espa\u00f1ola y europea en materia de protecci\u00f3n de datos de car\u00e1cter personal. Sin perjuicio de lo indicado en la presente pol\u00edtica, se recomienda leer detenidamente aquel clausulado sobre esta materia que pueda ser incorporado en los distintos formularios que puedan ponerse a disposici\u00f3n del USUARIO, presentes y futuros.<\/p><p>\u00bfQUI\u00c9N ES EL RESPONSABLE DEL TRATAMIENTO DE SUS DATOS EN ESTA WEB?<\/p><p>Identidad: ASACEAN<\/p><p>CIF: G-16904641<\/p><p>Direcci\u00f3n postal: PLAZA PIO XII N\u00ba 11 BAJO, 29007, MALAGA<\/p><p>Direcci\u00f3n de correo electr\u00f3nico: info@asacean.com<\/p><p>Tel\u00e9fono: +34 601 076 315<\/p><p>Delegado de Protecci\u00f3n de Datos: Administrador de la empresa, Juan Antonio Garc\u00eda Gordo<\/p><p>\u00bfCON QU\u00c9 FINALIDAD TRATAMOS SUS DATOS PERSONALES?<\/p><p>Los datos que nos facilitan a ASACEAN se solicitan con la finalidad de gestionar las compras realizadas por nuestra web y el mantenimiento de la relaci\u00f3n comercial con nuestros clientes, por este fin, elaboramos perfiles comerciales con el fin de mejorar su experiencia de compra y para poder ofrecerle productos acordes a sus intereses.<\/p><p>\u00bfPOR CU\u00c1NTO TIEMPO CONSERVAREMOS SUS DATOS?<\/p><p>Los datos personales proporcionados se conservar\u00e1n mientras se mantenga la relaci\u00f3n mercantil y durante un plazo de 5 a\u00f1os a partir de su \u00faltimo pedido, tal como exigen las normas tributarias y de facturaci\u00f3n al respecto.<\/p><p>\u00bfCUAL ES LA LEGITIMACION PARA EL TRATAMIENTO DE SUS DATOS?<\/p><p>La base legal para el tratamiento de sus datos es la ejecuci\u00f3n del contrato de compraventa de los productos que usted desea adquirir a trav\u00e9s de nuestra p\u00e1gina web. Para ello es necesario que dispongamos de los siguientes datos: nombre, apellidos, tipo y numero de documento identificativo v\u00e1lido en Espa\u00f1a, direcci\u00f3n de facturaci\u00f3n y de env\u00edo, fecha de nacimiento y e-mail.<\/p><p>Por otro lado, el consentimiento que se le solicita tanto para la recepci\u00f3n de ofertas promocionales como para la suscripci\u00f3n a nuestro bolet\u00edn de noticias se entiende otorgado para esos tratamientos exclusivos, sin que en ning\u00fan caso la retirada de este consentimiento afecte al tratamiento de los datos necesarios para la ejecuci\u00f3n del contrato de compraventa.<\/p><p>\u00bfQU\u00c9 RESPONSABILIDADES TIENE SOBRE SUS DATOS?<\/p><p>La ENTIDAD no se hace responsable de los datos que resulten err\u00f3neos conforme a lo facilitado por el USUARIO, siempre y cuando dichos datos hayan sido aportados por \u00e9l mismo y \u00e9ste no haya manifestado de forma expresa y oportuna su voluntad de modificarlos para ser corregidos, por tanto queda bajo la exclusiva responsabilidad del USUARIO, aportar los datos correctos y actualizados al momento de ser facilitados. La ENTIDAD se reserva el derecho de solicitar, de la forma que considere oportuna al USUARIO, que verifique la exactitud de los datos que hayan sido recogidos.<\/p><p>\u00bfA QU\u00c9 DESTINATARIOS SE COMUNICAR\u00c1N MIS DATOS?<\/p><p>Sus datos s\u00f3lo ser\u00e1n comunicados a todos los asociados de nuestra Asociaci\u00f3n bajo el consentimiento firmado por ellos en contrato recogido en el alta de miembro de dicha Asociaci\u00f3n<\/p><p>Adem\u00e1s de esta comunicaci\u00f3n, nos reservamos el derecho de comunicaci\u00f3n de sus datos a todos aquellos organismos estatales necesarios en base al cumplimiento de las leyes y disposiciones judiciales que puedan exigirlo.<\/p><p>\u00bfCUALES SON SUS DERECHOS CUANDO SOBRE LOS DATOS QUE NOS HA FACILITADO?<\/p><p>Los derechos que le confiere la normativa vigente sobre protecci\u00f3n de datos personales son los siguientes:<\/p><p>\u2013 ACCESO: tendr\u00e1 derecho a solicitar que te informemos de lo siguiente de los datos que disponemos de usted, as\u00ed como del detalle de todos los puntos recogidos en esta pol\u00edtica de privacidad (comunicaciones y destinatarios de datos, derechos que le asisten sobre sus datos, etc.)<\/p><p>\u2013 RECTIFICACION: tendr\u00e1 derecho, adem\u00e1s de rectificar los datos inexactos, a que se completen los datos personales incompletos, inclusive mediante una declaraci\u00f3n adicional.<\/p><p>\u2013 SUPRESION: podr\u00e1 solicitar la eliminaci\u00f3n de sus datos de nuestros ficheros cuando concurra alguno de los supuestos contemplados, como por ejemplo, el tratamiento il\u00edcito de sus datos o cuando haya desaparecido la finalidad que motivo el tratamiento de los mismos.<\/p><p>\u2013 LIMITACION DE TRATAMIENTO: podr\u00e1 solicitarnos que suspendamos el tratamiento de sus datos cuando:<\/p><p>o Se solicite la modificaci\u00f3n de los datos y durante el tiempo que lleve verificar la exactitud de los mismos<\/p><p>o En los casos en los que haya ejercitado su derecho de oposici\u00f3n a alg\u00fan tratamiento y durante el tiempo que tome verificar la viabilidad de dicha oposici\u00f3n.<\/p><p>Tambi\u00e9n podr\u00e1 solicitarnos que conservemos sus datos personales cuando:<\/p><p>o El tratamiento de los datos no sea l\u00edcito y usted se oponga a la supresi\u00f3n de sus datos optando en tal caso por limitar su uso.<\/p><p>o Nosotros ya no necesitemos sus datos para los fines del tratamiento pero usted desea que los mantengamos para la formulaci\u00f3n, ejercicio o defensa de sus reclamaciones.<\/p><p>\u2013 PORTABILIDAD: podr\u00e1 recibir sus datos personales en un formato estructurado, de uso com\u00fan y lectura mec\u00e1nica, as\u00ed como solicitar que las transmitamos a otra empresa siempre que sea t\u00e9cnicamente posible.<\/p><p>\u2013 OPOSICION: podr\u00e1 oponerse al tratamiento de sus datos personales cuando por motivos relacionados con su situaci\u00f3n personal, debamos cesar dicho tratamiento, salvo que se acredite un inter\u00e9s leg\u00edtimo, o sea necesario para el ejercicio o defensa de reclamaciones.<\/p><p>\u00bfCU\u00c1NTO LE COSTAR\u00c1 EJERCITAR SUS DERECHOS?<\/p><p>Ejercer estos derechos ser\u00e1 gratuito para usted excepto cuando se formulen solicitudes manifiestamente infundadas o excesivas y, en cualquier caso, si hubiera un coste, este no implicar\u00e1 un ingreso adicional para nosotros ya que nos limitaremos a informarle del verdadero coste de tramitar la solicitud y solicitar su abono.<\/p><p>\u00bfC\u00d3MO EJERCITAR SUS DERECHOS?<\/p><p>Si lo desea, puede ejercitar los derechos de anteriores, previstos por la normativa, dirigiendo un escrito a LA ENTIDAD en la direcci\u00f3n arriba indicada acompa\u00f1ando copia de su documento de identidad o cualquier otro medio v\u00e1lido en derecho que permita acreditar su identidad.<\/p><p>\u00bfESTA POL\u00cdTICA PUEDE SUFRIR CAMBIOS?<\/p><p>Cualquier cambio en la Pol\u00edtica de Privacidad ser\u00e1 avisado con anterioridad y de la forma m\u00e1s efectiva posible a los usuarios de la web. A pesar de ello, es recomendable que se consulte la misma con cierta periodicidad y que, en caso de duda, se dirija a la direcci\u00f3n abajo indicada.<\/p>\t\t\t\t\t\t\t\t<\/div>\n\t\t\t\t<\/div>\n\t\t\t\t\t<\/div>\n\t\t<\/div>\n\t\t\t\t\t<\/div>\n\t\t<\/section>\n\t\t\t\t<\/div>\n\t\t","protected":false},"excerpt":{"rendered":"<p>Con la presente pol\u00edtica de privacidad ASOCIACI\u00d3N DE AUT\u00d3NOMOS COMERCIANTES Y EMPRESARIOS DE ANDALUC\u00cdA (en adelante ASACEAN), manifiesta cumplir con todos los requerimientos t\u00e9cnicos y organizativos estipulados en la legislaci\u00f3n espa\u00f1ola y europea en materia de protecci\u00f3n de datos de car\u00e1cter personal. Sin perjuicio de lo indicado en la presente pol\u00edtica, se recomienda leer detenidamente [&hellip;]<\/p>\n","protected":false},"author":1,"featured_media":0,"parent":0,"menu_order":0,"comment_status":"closed","ping_status":"closed","template":"","meta":{"ocean_post_layout":"","ocean_both_sidebars_style":"","ocean_both_sidebars_content_width":0,"ocean_both_sidebars_sidebars_width":0,"ocean_sidebar":"","ocean_second_sidebar":"","ocean_disable_margins":"enable","ocean_add_body_class":"","ocean_shortcode_before_top_bar":"","ocean_shortcode_after_top_bar":"","ocean_shortcode_before_header":"","ocean_shortcode_after_header":"","ocean_has_shortcode":"","ocean_shortcode_after_title":"","ocean_shortcode_before_footer_widgets":"","ocean_shortcode_after_footer_widgets":"","ocean_shortcode_before_footer_bottom":"","ocean_shortcode_after_footer_bottom":"","ocean_display_top_bar":"default","ocean_display_header":"default","ocean_header_style":"","ocean_center_header_left_menu":"","ocean_custom_header_template":"","ocean_custom_logo":0,"ocean_custom_retina_logo":0,"ocean_custom_logo_max_width":0,"ocean_custom_logo_tablet_max_width":0,"ocean_custom_logo_mobile_max_width":0,"ocean_custom_logo_max_height":0,"ocean_custom_logo_tablet_max_height":0,"ocean_custom_logo_mobile_max_height":0,"ocean_header_custom_menu":"","ocean_menu_typo_font_family":"","ocean_menu_typo_font_subset":"","ocean_menu_typo_font_size":0,"ocean_menu_typo_font_size_tablet":0,"ocean_menu_typo_font_size_mobile":0,"ocean_menu_typo_font_size_unit":"px","ocean_menu_typo_font_weight":"","ocean_menu_typo_font_weight_tablet":"","ocean_menu_typo_font_weight_mobile":"","ocean_menu_typo_transform":"","ocean_menu_typo_transform_tablet":"","ocean_menu_typo_transform_mobile":"","ocean_menu_typo_line_height":0,"ocean_menu_typo_line_height_tablet":0,"ocean_menu_typo_line_height_mobile":0,"ocean_menu_typo_line_height_unit":"","ocean_menu_typo_spacing":0,"ocean_menu_typo_spacing_tablet":0,"ocean_menu_typo_spacing_mobile":0,"ocean_menu_typo_spacing_unit":"","ocean_menu_link_color":"","ocean_menu_link_color_hover":"","ocean_menu_link_color_active":"","ocean_menu_link_background":"","ocean_menu_link_hover_background":"","ocean_menu_link_active_background":"","ocean_menu_social_links_bg":"","ocean_menu_social_hover_links_bg":"","ocean_menu_social_links_color":"","ocean_menu_social_hover_links_color":"","ocean_disable_title":"default","ocean_disable_heading":"default","ocean_post_title":"","ocean_post_subheading":"","ocean_post_title_style":"","ocean_post_title_background_color":"","ocean_post_title_background":0,"ocean_post_title_bg_image_position":"","ocean_post_title_bg_image_attachment":"","ocean_post_title_bg_image_repeat":"","ocean_post_title_bg_image_size":"","ocean_post_title_height":0,"ocean_post_title_bg_overlay":0.5,"ocean_post_title_bg_overlay_color":"","ocean_disable_breadcrumbs":"default","ocean_breadcrumbs_color":"","ocean_breadcrumbs_separator_color":"","ocean_breadcrumbs_links_color":"","ocean_breadcrumbs_links_hover_color":"","ocean_display_footer_widgets":"default","ocean_display_footer_bottom":"default","ocean_custom_footer_template":"","footnotes":""},"class_list":["post-1128","page","type-page","status-publish","hentry","entry","owp-thumbs-layout-horizontal","owp-btn-normal","owp-tabs-layout-horizontal","has-no-thumbnails","has-product-nav"],"yoast_head":"<!-- This site is optimized with the Yoast SEO plugin v27.3 - https:\/\/yoast.com\/product\/yoast-seo-wordpress\/ -->\n<title>Pol\u00edticas de privacidad - ASACEAN<\/title>\n<meta name=\"robots\" content=\"index, follow, max-snippet:-1, max-image-preview:large, max-video-preview:-1\" \/>\n<link rel=\"canonical\" href=\"https:\/\/asacean.com\/index.php\/politicas-de-privacidad\/\" \/>\n<meta property=\"og:locale\" content=\"es_ES\" \/>\n<meta property=\"og:type\" content=\"article\" \/>\n<meta property=\"og:title\" content=\"Pol\u00edticas de privacidad - ASACEAN\" \/>\n<meta property=\"og:description\" content=\"Con la presente pol\u00edtica de privacidad ASOCIACI\u00d3N DE AUT\u00d3NOMOS COMERCIANTES Y EMPRESARIOS DE ANDALUC\u00cdA (en adelante ASACEAN), manifiesta cumplir con todos los requerimientos t\u00e9cnicos y organizativos estipulados en la legislaci\u00f3n espa\u00f1ola y europea en materia de protecci\u00f3n de datos de car\u00e1cter personal. Sin perjuicio de lo indicado en la presente pol\u00edtica, se recomienda leer detenidamente [&hellip;]\" \/>\n<meta property=\"og:url\" content=\"https:\/\/asacean.com\/index.php\/politicas-de-privacidad\/\" \/>\n<meta property=\"og:site_name\" content=\"ASACEAN\" \/>\n<meta property=\"article:modified_time\" content=\"2021-10-26T13:13:46+00:00\" \/>\n<meta name=\"twitter:card\" content=\"summary_large_image\" \/>\n<meta name=\"twitter:label1\" content=\"Tiempo de lectura\" \/>\n\t<meta name=\"twitter:data1\" content=\"5 minutos\" \/>\n<script type=\"application\/ld+json\" class=\"yoast-schema-graph\">{\"@context\":\"https:\\\/\\\/schema.org\",\"@graph\":[{\"@type\":\"WebPage\",\"@id\":\"https:\\\/\\\/asacean.com\\\/index.php\\\/politicas-de-privacidad\\\/\",\"url\":\"https:\\\/\\\/asacean.com\\\/index.php\\\/politicas-de-privacidad\\\/\",\"name\":\"Pol\u00edticas de privacidad - ASACEAN\",\"isPartOf\":{\"@id\":\"https:\\\/\\\/asacean.com\\\/#website\"},\"datePublished\":\"2021-10-26T12:11:17+00:00\",\"dateModified\":\"2021-10-26T13:13:46+00:00\",\"breadcrumb\":{\"@id\":\"https:\\\/\\\/asacean.com\\\/index.php\\\/politicas-de-privacidad\\\/#breadcrumb\"},\"inLanguage\":\"es\",\"potentialAction\":[{\"@type\":\"ReadAction\",\"target\":[\"https:\\\/\\\/asacean.com\\\/index.php\\\/politicas-de-privacidad\\\/\"]}]},{\"@type\":\"BreadcrumbList\",\"@id\":\"https:\\\/\\\/asacean.com\\\/index.php\\\/politicas-de-privacidad\\\/#breadcrumb\",\"itemListElement\":[{\"@type\":\"ListItem\",\"position\":1,\"name\":\"Portada\",\"item\":\"https:\\\/\\\/asacean.com\\\/\"},{\"@type\":\"ListItem\",\"position\":2,\"name\":\"Pol\u00edticas de privacidad\"}]},{\"@type\":\"WebSite\",\"@id\":\"https:\\\/\\\/asacean.com\\\/#website\",\"url\":\"https:\\\/\\\/asacean.com\\\/\",\"name\":\"ASACEAN\",\"description\":\"Asociaci\u00f3n de Aut\u00f3nomos, Comerciantes y Empresarios de Andaluc\u00eda\",\"publisher\":{\"@id\":\"https:\\\/\\\/asacean.com\\\/#organization\"},\"potentialAction\":[{\"@type\":\"SearchAction\",\"target\":{\"@type\":\"EntryPoint\",\"urlTemplate\":\"https:\\\/\\\/asacean.com\\\/?s={search_term_string}\"},\"query-input\":{\"@type\":\"PropertyValueSpecification\",\"valueRequired\":true,\"valueName\":\"search_term_string\"}}],\"inLanguage\":\"es\"},{\"@type\":\"Organization\",\"@id\":\"https:\\\/\\\/asacean.com\\\/#organization\",\"name\":\"ASACEAN\",\"url\":\"https:\\\/\\\/asacean.com\\\/\",\"logo\":{\"@type\":\"ImageObject\",\"inLanguage\":\"es\",\"@id\":\"https:\\\/\\\/asacean.com\\\/#\\\/schema\\\/logo\\\/image\\\/\",\"url\":\"https:\\\/\\\/asacean.com\\\/wp-content\\\/uploads\\\/2021\\\/10\\\/logoasacean1.png\",\"contentUrl\":\"https:\\\/\\\/asacean.com\\\/wp-content\\\/uploads\\\/2021\\\/10\\\/logoasacean1.png\",\"width\":561,\"height\":213,\"caption\":\"ASACEAN\"},\"image\":{\"@id\":\"https:\\\/\\\/asacean.com\\\/#\\\/schema\\\/logo\\\/image\\\/\"}}]}<\/script>\n<!-- \/ Yoast SEO plugin. -->","yoast_head_json":{"title":"Pol\u00edticas de privacidad - ASACEAN","robots":{"index":"index","follow":"follow","max-snippet":"max-snippet:-1","max-image-preview":"max-image-preview:large","max-video-preview":"max-video-preview:-1"},"canonical":"https:\/\/asacean.com\/index.php\/politicas-de-privacidad\/","og_locale":"es_ES","og_type":"article","og_title":"Pol\u00edticas de privacidad - ASACEAN","og_description":"Con la presente pol\u00edtica de privacidad ASOCIACI\u00d3N DE AUT\u00d3NOMOS COMERCIANTES Y EMPRESARIOS DE ANDALUC\u00cdA (en adelante ASACEAN), manifiesta cumplir con todos los requerimientos t\u00e9cnicos y organizativos estipulados en la legislaci\u00f3n espa\u00f1ola y europea en materia de protecci\u00f3n de datos de car\u00e1cter personal. Sin perjuicio de lo indicado en la presente pol\u00edtica, se recomienda leer detenidamente [&hellip;]","og_url":"https:\/\/asacean.com\/index.php\/politicas-de-privacidad\/","og_site_name":"ASACEAN","article_modified_time":"2021-10-26T13:13:46+00:00","twitter_card":"summary_large_image","twitter_misc":{"Tiempo de lectura":"5 minutos"},"schema":{"@context":"https:\/\/schema.org","@graph":[{"@type":"WebPage","@id":"https:\/\/asacean.com\/index.php\/politicas-de-privacidad\/","url":"https:\/\/asacean.com\/index.php\/politicas-de-privacidad\/","name":"Pol\u00edticas de privacidad - ASACEAN","isPartOf":{"@id":"https:\/\/asacean.com\/#website"},"datePublished":"2021-10-26T12:11:17+00:00","dateModified":"2021-10-26T13:13:46+00:00","breadcrumb":{"@id":"https:\/\/asacean.com\/index.php\/politicas-de-privacidad\/#breadcrumb"},"inLanguage":"es","potentialAction":[{"@type":"ReadAction","target":["https:\/\/asacean.com\/index.php\/politicas-de-privacidad\/"]}]},{"@type":"BreadcrumbList","@id":"https:\/\/asacean.com\/index.php\/politicas-de-privacidad\/#breadcrumb","itemListElement":[{"@type":"ListItem","position":1,"name":"Portada","item":"https:\/\/asacean.com\/"},{"@type":"ListItem","position":2,"name":"Pol\u00edticas de privacidad"}]},{"@type":"WebSite","@id":"https:\/\/asacean.com\/#website","url":"https:\/\/asacean.com\/","name":"ASACEAN","description":"Asociaci\u00f3n de Aut\u00f3nomos, Comerciantes y Empresarios de Andaluc\u00eda","publisher":{"@id":"https:\/\/asacean.com\/#organization"},"potentialAction":[{"@type":"SearchAction","target":{"@type":"EntryPoint","urlTemplate":"https:\/\/asacean.com\/?s={search_term_string}"},"query-input":{"@type":"PropertyValueSpecification","valueRequired":true,"valueName":"search_term_string"}}],"inLanguage":"es"},{"@type":"Organization","@id":"https:\/\/asacean.com\/#organization","name":"ASACEAN","url":"https:\/\/asacean.com\/","logo":{"@type":"ImageObject","inLanguage":"es","@id":"https:\/\/asacean.com\/#\/schema\/logo\/image\/","url":"https:\/\/asacean.com\/wp-content\/uploads\/2021\/10\/logoasacean1.png","contentUrl":"https:\/\/asacean.com\/wp-content\/uploads\/2021\/10\/logoasacean1.png","width":561,"height":213,"caption":"ASACEAN"},"image":{"@id":"https:\/\/asacean.com\/#\/schema\/logo\/image\/"}}]}},"_links":{"self":[{"href":"https:\/\/asacean.com\/index.php\/wp-json\/wp\/v2\/pages\/1128","targetHints":{"allow":["GET"]}}],"collection":[{"href":"https:\/\/asacean.com\/index.php\/wp-json\/wp\/v2\/pages"}],"about":[{"href":"https:\/\/asacean.com\/index.php\/wp-json\/wp\/v2\/types\/page"}],"author":[{"embeddable":true,"href":"https:\/\/asacean.com\/index.php\/wp-json\/wp\/v2\/users\/1"}],"replies":[{"embeddable":true,"href":"https:\/\/asacean.com\/index.php\/wp-json\/wp\/v2\/comments?post=1128"}],"version-history":[{"count":9,"href":"https:\/\/asacean.com\/index.php\/wp-json\/wp\/v2\/pages\/1128\/revisions"}],"predecessor-version":[{"id":1160,"href":"https:\/\/asacean.com\/index.php\/wp-json\/wp\/v2\/pages\/1128\/revisions\/1160"}],"wp:attachment":[{"href":"https:\/\/asacean.com\/index.php\/wp-json\/wp\/v2\/media?parent=1128"}],"curies":[{"name":"wp","href":"https:\/\/api.w.org\/{rel}","templated":true}]}}