{"id":3,"date":"2021-10-07T10:15:17","date_gmt":"2021-10-07T10:15:17","guid":{"rendered":"https:\/\/asacean.com\/?page_id=3"},"modified":"2021-10-26T12:36:49","modified_gmt":"2021-10-26T12:36:49","slug":"aviso-legal","status":"publish","type":"page","link":"https:\/\/asacean.com\/index.php\/aviso-legal\/","title":{"rendered":"Aviso Legal"},"content":{"rendered":"\t\t<div data-elementor-type=\"wp-page\" data-elementor-id=\"3\" class=\"elementor elementor-3\">\n\t\t\t\t\t\t<section class=\"elementor-section elementor-top-section elementor-element elementor-element-455029d1 elementor-section-boxed elementor-section-height-default elementor-section-height-default\" data-id=\"455029d1\" data-element_type=\"section\" data-e-type=\"section\">\n\t\t\t\t\t\t<div class=\"elementor-container elementor-column-gap-default\">\n\t\t\t\t\t<div class=\"elementor-column elementor-col-100 elementor-top-column elementor-element elementor-element-18f5dcac\" data-id=\"18f5dcac\" data-element_type=\"column\" data-e-type=\"column\">\n\t\t\t<div class=\"elementor-widget-wrap elementor-element-populated\">\n\t\t\t\t\t\t<div class=\"elementor-element elementor-element-44c87403 elementor-widget elementor-widget-text-editor\" data-id=\"44c87403\" data-element_type=\"widget\" data-e-type=\"widget\" data-widget_type=\"text-editor.default\">\n\t\t\t\t<div class=\"elementor-widget-container\">\n\t\t\t\t\t\t\t\t\t<p>ASACEAN, en cumplimiento del art\u00edculo 10 de la Ley 34\/2002, de 11 de julio, de Servicios de la Sociedad de la Informaci\u00f3n y Comercio Electr\u00f3nico, crea el siguiente aviso legal.<\/p>\n<p>La navegaci\u00f3n por este sitio web se sujetar\u00e1 a las condiciones recogidas en el presente \u201cAviso legal\u201d, las cuales podr\u00e1n ser actualizadas peri\u00f3dicamente y sin previo aviso.<\/p>\n<p>La navegaci\u00f3n por el sitio web implica la perfecta comprensi\u00f3n y la expresa aceptaci\u00f3n de las mencionadas condiciones por parte del usuario.<\/p>\n<p>Actualizaci\u00f3n y modificaci\u00f3n de la p\u00e1gina web<\/p>\n<p>ASACEAN se reserva el derecho a modificar o eliminar, sin previo aviso, tanto la informaci\u00f3n contenida en su sitio web como su configuraci\u00f3n y presentaci\u00f3n, sin asumir responsabilidad alguna por ello.<\/p>\n<p>Propiedad Intelectual<\/p>\n<p>Los contenidos de este sitio web, textos, im\u00e1genes, sonidos, animaciones, etc. as\u00ed como su dise\u00f1o gr\u00e1fico y su c\u00f3digo fuente est\u00e1n protegidos por la legislaci\u00f3n espa\u00f1ola sobre los derechos de propiedad intelectual e industrial a favor de ASACEAN<\/p>\n<p>Queda por tanto expresamente prohibida su reproducci\u00f3n, distribuci\u00f3n o comunicaci\u00f3n p\u00fablica, total o parcial, sin la autorizaci\u00f3n expresa, y por escrito, de ASACEAN<br \/>Contenido de la web y enlaces<\/p>\n<p>ASACEAN no ser\u00e1 responsable de los da\u00f1os o perjuicios que pudieran derivarse de la utilizaci\u00f3n de los contenidos por parte de los usuarios o de la infracci\u00f3n por parte de \u00e9stos de cualquier disposici\u00f3n legal vigente.<\/p>\n<p>Tampoco asumimos ninguna responsabilidad por la informaci\u00f3n contenida en las p\u00e1ginas web de terceros a las que se pueda acceder por enlaces o buscadores desde este sitio web.<\/p>\n<p>Indicaciones sobre aspectos t\u00e9cnicos<\/p>\n<p>ASACEAN no asume ninguna responsabilidad que se pueda derivar de problemas t\u00e9cnicos o fallos en los equipos inform\u00e1ticos que se produzcan durante la conexi\u00f3n a la red de Internet, as\u00ed como de da\u00f1os que pudieran ser causados por terceras personas mediante intromisiones ileg\u00edtimas fuera del control de ASACEAN<\/p>\n<p>Tambi\u00e9n quedamos exonerados de toda responsabilidad ante posibles da\u00f1os o perjuicios que pueda sufrir el usuario a consecuencia de errores, defectos u omisiones en la informaci\u00f3n que facilitemos cuando proceda de fuentes ajenas a nosotros.<\/p>\n<p>Pol\u00edtica de cookies<\/p>\n<p>Definici\u00f3n y funci\u00f3n de las cookies<\/p>\n<p>Las cookies son peque\u00f1as cantidades de informaci\u00f3n que se almacenan en el navegador utilizado por cada usuario para que el servidor recuerde cierta informaci\u00f3n que posteriormente pueda utilizar. Esta informaci\u00f3n permite identificarle a usted como un usuario concreto y permite guardar sus preferencias personales, as\u00ed como informaci\u00f3n t\u00e9cnica como pueden ser visitas o p\u00e1ginas concretas que visite.<\/p>\n<p>Informaci\u00f3n sobre el tipo de cookies propias y de terceros<\/p>\n<p>Las cookies nunca proporcionan informaci\u00f3n del usuario tales como nombre o apellidos sino que asocian informaci\u00f3n relacionada con la navegaci\u00f3n del usuario en internet. En ning\u00fan caso ASACEAN. compartir\u00e1 informaci\u00f3n confidencial y no regulada seg\u00fan la legislaci\u00f3n vigente con terceros. Sin embargo ASACEAN. utiliza el servicio de an\u00e1lisis de Google Analytics, esto es, un servicio externo proporcionado por Google (EE.UU.)<\/p>\n<p>De esta manera conviene saber que Google Analytics (Pol\u00edtica de Privacidad de Google Analytics) utiliza dichas cookies para recopilar informaci\u00f3n y archivarla por Google en los servidores de Estados Unidos. Adem\u00e1s, Google usar\u00e1 esta informaci\u00f3n para recopilar informes de la actividad del website y el uso de Internet.<\/p>\n<p>Igualmente Google se reserva el derecho a utilizar esa informaci\u00f3n y proporcionarla a terceros cuando as\u00ed se lo requiera la legislaci\u00f3n vigente.<\/p>\n<p>Informaci\u00f3n sobre el tipo de cookies no exceptuadas que utiliza el sitio web y su finalidad<\/p>\n<p>Las cookies exceptuadas a la nueva regulaci\u00f3n vigente ser\u00edan las siguientes: aquellas que tienen como finalidad recoger la entrada de un usuario al sitio web; las de inicio de sesi\u00f3n; las sociales; las que se cargan al personalizar una interfaz y aquellas que requieren de la identificaci\u00f3n del usuario. El resto de las cookies deben ser aceptadas por el usuario al entrar en el sitio web e iniciar la navegaci\u00f3n en este as\u00ed como en su configuraci\u00f3n del navegador.<\/p>\n<p>Informaci\u00f3n sobre la forma de desactivar o eliminar las cookies enunciadas en los principales navegadores web<\/p>\n<p>Adem\u00e1s de aceptar o rechazar el uso de ciertas cookies a trav\u00e9s de la p\u00e1gina web de ASACEAN. tambi\u00e9n puede gestionarlas haciendo uso de la configuraci\u00f3n de su navegador. All\u00ed podr\u00e1 desactivarlas y conocer m\u00e1s acerca del uso que cada navegador aporta a las cookies. ASACEAN<\/p>\t\t\t\t\t\t\t\t<\/div>\n\t\t\t\t<\/div>\n\t\t\t\t\t<\/div>\n\t\t<\/div>\n\t\t\t\t\t<\/div>\n\t\t<\/section>\n\t\t\t\t<\/div>\n\t\t","protected":false},"excerpt":{"rendered":"<p>ASACEAN, en cumplimiento del art\u00edculo 10 de la Ley 34\/2002, de 11 de julio, de Servicios de la Sociedad de la Informaci\u00f3n y Comercio Electr\u00f3nico, crea el siguiente aviso legal. La navegaci\u00f3n por este sitio web se sujetar\u00e1 a las condiciones recogidas en el presente \u201cAviso legal\u201d, las cuales podr\u00e1n ser actualizadas peri\u00f3dicamente y sin [&hellip;]<\/p>\n","protected":false},"author":1,"featured_media":0,"parent":0,"menu_order":0,"comment_status":"closed","ping_status":"closed","template":"","meta":{"ocean_post_layout":"","ocean_both_sidebars_style":"","ocean_both_sidebars_content_width":0,"ocean_both_sidebars_sidebars_width":0,"ocean_sidebar":"","ocean_second_sidebar":"","ocean_disable_margins":"enable","ocean_add_body_class":"","ocean_shortcode_before_top_bar":"","ocean_shortcode_after_top_bar":"","ocean_shortcode_before_header":"","ocean_shortcode_after_header":"","ocean_has_shortcode":"","ocean_shortcode_after_title":"","ocean_shortcode_before_footer_widgets":"","ocean_shortcode_after_footer_widgets":"","ocean_shortcode_before_footer_bottom":"","ocean_shortcode_after_footer_bottom":"","ocean_display_top_bar":"default","ocean_display_header":"default","ocean_header_style":"","ocean_center_header_left_menu":"","ocean_custom_header_template":"","ocean_custom_logo":0,"ocean_custom_retina_logo":0,"ocean_custom_logo_max_width":0,"ocean_custom_logo_tablet_max_width":0,"ocean_custom_logo_mobile_max_width":0,"ocean_custom_logo_max_height":0,"ocean_custom_logo_tablet_max_height":0,"ocean_custom_logo_mobile_max_height":0,"ocean_header_custom_menu":"","ocean_menu_typo_font_family":"","ocean_menu_typo_font_subset":"","ocean_menu_typo_font_size":0,"ocean_menu_typo_font_size_tablet":0,"ocean_menu_typo_font_size_mobile":0,"ocean_menu_typo_font_size_unit":"px","ocean_menu_typo_font_weight":"","ocean_menu_typo_font_weight_tablet":"","ocean_menu_typo_font_weight_mobile":"","ocean_menu_typo_transform":"","ocean_menu_typo_transform_tablet":"","ocean_menu_typo_transform_mobile":"","ocean_menu_typo_line_height":0,"ocean_menu_typo_line_height_tablet":0,"ocean_menu_typo_line_height_mobile":0,"ocean_menu_typo_line_height_unit":"","ocean_menu_typo_spacing":0,"ocean_menu_typo_spacing_tablet":0,"ocean_menu_typo_spacing_mobile":0,"ocean_menu_typo_spacing_unit":"","ocean_menu_link_color":"","ocean_menu_link_color_hover":"","ocean_menu_link_color_active":"","ocean_menu_link_background":"","ocean_menu_link_hover_background":"","ocean_menu_link_active_background":"","ocean_menu_social_links_bg":"","ocean_menu_social_hover_links_bg":"","ocean_menu_social_links_color":"","ocean_menu_social_hover_links_color":"","ocean_disable_title":"default","ocean_disable_heading":"default","ocean_post_title":"","ocean_post_subheading":"","ocean_post_title_style":"","ocean_post_title_background_color":"","ocean_post_title_background":0,"ocean_post_title_bg_image_position":"","ocean_post_title_bg_image_attachment":"","ocean_post_title_bg_image_repeat":"","ocean_post_title_bg_image_size":"","ocean_post_title_height":0,"ocean_post_title_bg_overlay":0.5,"ocean_post_title_bg_overlay_color":"","ocean_disable_breadcrumbs":"default","ocean_breadcrumbs_color":"","ocean_breadcrumbs_separator_color":"","ocean_breadcrumbs_links_color":"","ocean_breadcrumbs_links_hover_color":"","ocean_display_footer_widgets":"default","ocean_display_footer_bottom":"default","ocean_custom_footer_template":"","footnotes":""},"class_list":["post-3","page","type-page","status-publish","hentry","entry","owp-thumbs-layout-horizontal","owp-btn-normal","owp-tabs-layout-horizontal","has-no-thumbnails","has-product-nav"],"yoast_head":"<!-- This site is optimized with the Yoast SEO plugin v27.5 - https:\/\/yoast.com\/product\/yoast-seo-wordpress\/ -->\n<title>Aviso Legal - ASACEAN<\/title>\n<meta name=\"robots\" content=\"index, follow, max-snippet:-1, max-image-preview:large, max-video-preview:-1\" \/>\n<link rel=\"canonical\" href=\"https:\/\/asacean.com\/index.php\/aviso-legal\/\" \/>\n<meta property=\"og:locale\" content=\"es_ES\" \/>\n<meta property=\"og:type\" content=\"article\" \/>\n<meta property=\"og:title\" content=\"Aviso Legal - ASACEAN\" \/>\n<meta property=\"og:description\" content=\"ASACEAN, en cumplimiento del art\u00edculo 10 de la Ley 34\/2002, de 11 de julio, de Servicios de la Sociedad de la Informaci\u00f3n y Comercio Electr\u00f3nico, crea el siguiente aviso legal. La navegaci\u00f3n por este sitio web se sujetar\u00e1 a las condiciones recogidas en el presente \u201cAviso legal\u201d, las cuales podr\u00e1n ser actualizadas peri\u00f3dicamente y sin [&hellip;]\" \/>\n<meta property=\"og:url\" content=\"https:\/\/asacean.com\/index.php\/aviso-legal\/\" \/>\n<meta property=\"og:site_name\" content=\"ASACEAN\" \/>\n<meta property=\"article:modified_time\" content=\"2021-10-26T12:36:49+00:00\" \/>\n<meta name=\"twitter:card\" content=\"summary_large_image\" \/>\n<meta name=\"twitter:label1\" content=\"Tiempo de lectura\" \/>\n\t<meta name=\"twitter:data1\" content=\"4 minutos\" \/>\n<script type=\"application\/ld+json\" class=\"yoast-schema-graph\">{\"@context\":\"https:\\\/\\\/schema.org\",\"@graph\":[{\"@type\":\"WebPage\",\"@id\":\"https:\\\/\\\/asacean.com\\\/index.php\\\/aviso-legal\\\/\",\"url\":\"https:\\\/\\\/asacean.com\\\/index.php\\\/aviso-legal\\\/\",\"name\":\"Aviso Legal - ASACEAN\",\"isPartOf\":{\"@id\":\"https:\\\/\\\/asacean.com\\\/#website\"},\"datePublished\":\"2021-10-07T10:15:17+00:00\",\"dateModified\":\"2021-10-26T12:36:49+00:00\",\"breadcrumb\":{\"@id\":\"https:\\\/\\\/asacean.com\\\/index.php\\\/aviso-legal\\\/#breadcrumb\"},\"inLanguage\":\"es\",\"potentialAction\":[{\"@type\":\"ReadAction\",\"target\":[\"https:\\\/\\\/asacean.com\\\/index.php\\\/aviso-legal\\\/\"]}]},{\"@type\":\"BreadcrumbList\",\"@id\":\"https:\\\/\\\/asacean.com\\\/index.php\\\/aviso-legal\\\/#breadcrumb\",\"itemListElement\":[{\"@type\":\"ListItem\",\"position\":1,\"name\":\"Portada\",\"item\":\"https:\\\/\\\/asacean.com\\\/\"},{\"@type\":\"ListItem\",\"position\":2,\"name\":\"Aviso Legal\"}]},{\"@type\":\"WebSite\",\"@id\":\"https:\\\/\\\/asacean.com\\\/#website\",\"url\":\"https:\\\/\\\/asacean.com\\\/\",\"name\":\"ASACEAN\",\"description\":\"Asociaci\u00f3n de Aut\u00f3nomos, Comerciantes y Empresarios de Andaluc\u00eda\",\"publisher\":{\"@id\":\"https:\\\/\\\/asacean.com\\\/#organization\"},\"potentialAction\":[{\"@type\":\"SearchAction\",\"target\":{\"@type\":\"EntryPoint\",\"urlTemplate\":\"https:\\\/\\\/asacean.com\\\/?s={search_term_string}\"},\"query-input\":{\"@type\":\"PropertyValueSpecification\",\"valueRequired\":true,\"valueName\":\"search_term_string\"}}],\"inLanguage\":\"es\"},{\"@type\":\"Organization\",\"@id\":\"https:\\\/\\\/asacean.com\\\/#organization\",\"name\":\"ASACEAN\",\"url\":\"https:\\\/\\\/asacean.com\\\/\",\"logo\":{\"@type\":\"ImageObject\",\"inLanguage\":\"es\",\"@id\":\"https:\\\/\\\/asacean.com\\\/#\\\/schema\\\/logo\\\/image\\\/\",\"url\":\"https:\\\/\\\/asacean.com\\\/wp-content\\\/uploads\\\/2021\\\/10\\\/logoasacean1.png\",\"contentUrl\":\"https:\\\/\\\/asacean.com\\\/wp-content\\\/uploads\\\/2021\\\/10\\\/logoasacean1.png\",\"width\":561,\"height\":213,\"caption\":\"ASACEAN\"},\"image\":{\"@id\":\"https:\\\/\\\/asacean.com\\\/#\\\/schema\\\/logo\\\/image\\\/\"}}]}<\/script>\n<!-- \/ Yoast SEO plugin. -->","yoast_head_json":{"title":"Aviso Legal - ASACEAN","robots":{"index":"index","follow":"follow","max-snippet":"max-snippet:-1","max-image-preview":"max-image-preview:large","max-video-preview":"max-video-preview:-1"},"canonical":"https:\/\/asacean.com\/index.php\/aviso-legal\/","og_locale":"es_ES","og_type":"article","og_title":"Aviso Legal - ASACEAN","og_description":"ASACEAN, en cumplimiento del art\u00edculo 10 de la Ley 34\/2002, de 11 de julio, de Servicios de la Sociedad de la Informaci\u00f3n y Comercio Electr\u00f3nico, crea el siguiente aviso legal. La navegaci\u00f3n por este sitio web se sujetar\u00e1 a las condiciones recogidas en el presente \u201cAviso legal\u201d, las cuales podr\u00e1n ser actualizadas peri\u00f3dicamente y sin [&hellip;]","og_url":"https:\/\/asacean.com\/index.php\/aviso-legal\/","og_site_name":"ASACEAN","article_modified_time":"2021-10-26T12:36:49+00:00","twitter_card":"summary_large_image","twitter_misc":{"Tiempo de lectura":"4 minutos"},"schema":{"@context":"https:\/\/schema.org","@graph":[{"@type":"WebPage","@id":"https:\/\/asacean.com\/index.php\/aviso-legal\/","url":"https:\/\/asacean.com\/index.php\/aviso-legal\/","name":"Aviso Legal - ASACEAN","isPartOf":{"@id":"https:\/\/asacean.com\/#website"},"datePublished":"2021-10-07T10:15:17+00:00","dateModified":"2021-10-26T12:36:49+00:00","breadcrumb":{"@id":"https:\/\/asacean.com\/index.php\/aviso-legal\/#breadcrumb"},"inLanguage":"es","potentialAction":[{"@type":"ReadAction","target":["https:\/\/asacean.com\/index.php\/aviso-legal\/"]}]},{"@type":"BreadcrumbList","@id":"https:\/\/asacean.com\/index.php\/aviso-legal\/#breadcrumb","itemListElement":[{"@type":"ListItem","position":1,"name":"Portada","item":"https:\/\/asacean.com\/"},{"@type":"ListItem","position":2,"name":"Aviso Legal"}]},{"@type":"WebSite","@id":"https:\/\/asacean.com\/#website","url":"https:\/\/asacean.com\/","name":"ASACEAN","description":"Asociaci\u00f3n de Aut\u00f3nomos, Comerciantes y Empresarios de Andaluc\u00eda","publisher":{"@id":"https:\/\/asacean.com\/#organization"},"potentialAction":[{"@type":"SearchAction","target":{"@type":"EntryPoint","urlTemplate":"https:\/\/asacean.com\/?s={search_term_string}"},"query-input":{"@type":"PropertyValueSpecification","valueRequired":true,"valueName":"search_term_string"}}],"inLanguage":"es"},{"@type":"Organization","@id":"https:\/\/asacean.com\/#organization","name":"ASACEAN","url":"https:\/\/asacean.com\/","logo":{"@type":"ImageObject","inLanguage":"es","@id":"https:\/\/asacean.com\/#\/schema\/logo\/image\/","url":"https:\/\/asacean.com\/wp-content\/uploads\/2021\/10\/logoasacean1.png","contentUrl":"https:\/\/asacean.com\/wp-content\/uploads\/2021\/10\/logoasacean1.png","width":561,"height":213,"caption":"ASACEAN"},"image":{"@id":"https:\/\/asacean.com\/#\/schema\/logo\/image\/"}}]}},"_links":{"self":[{"href":"https:\/\/asacean.com\/index.php\/wp-json\/wp\/v2\/pages\/3","targetHints":{"allow":["GET"]}}],"collection":[{"href":"https:\/\/asacean.com\/index.php\/wp-json\/wp\/v2\/pages"}],"about":[{"href":"https:\/\/asacean.com\/index.php\/wp-json\/wp\/v2\/types\/page"}],"author":[{"embeddable":true,"href":"https:\/\/asacean.com\/index.php\/wp-json\/wp\/v2\/users\/1"}],"replies":[{"embeddable":true,"href":"https:\/\/asacean.com\/index.php\/wp-json\/wp\/v2\/comments?post=3"}],"version-history":[{"count":5,"href":"https:\/\/asacean.com\/index.php\/wp-json\/wp\/v2\/pages\/3\/revisions"}],"predecessor-version":[{"id":1133,"href":"https:\/\/asacean.com\/index.php\/wp-json\/wp\/v2\/pages\/3\/revisions\/1133"}],"wp:attachment":[{"href":"https:\/\/asacean.com\/index.php\/wp-json\/wp\/v2\/media?parent=3"}],"curies":[{"name":"wp","href":"https:\/\/api.w.org\/{rel}","templated":true}]}}