{"id":690,"date":"2021-10-15T14:29:30","date_gmt":"2021-10-15T14:29:30","guid":{"rendered":"https:\/\/asacean.com\/?page_id=690"},"modified":"2021-10-26T12:48:29","modified_gmt":"2021-10-26T12:48:29","slug":"politica-de-cookies","status":"publish","type":"page","link":"https:\/\/asacean.com\/index.php\/politica-de-cookies\/","title":{"rendered":"Pol\u00edtica de cookies"},"content":{"rendered":"\t\t<div data-elementor-type=\"wp-page\" data-elementor-id=\"690\" class=\"elementor elementor-690\">\n\t\t\t\t\t\t<section class=\"elementor-section elementor-top-section elementor-element elementor-element-46689f32 elementor-section-boxed elementor-section-height-default elementor-section-height-default\" data-id=\"46689f32\" data-element_type=\"section\" data-e-type=\"section\">\n\t\t\t\t\t\t<div class=\"elementor-container elementor-column-gap-default\">\n\t\t\t\t\t<div class=\"elementor-column elementor-col-100 elementor-top-column elementor-element elementor-element-706c1bcd\" data-id=\"706c1bcd\" data-element_type=\"column\" data-e-type=\"column\">\n\t\t\t<div class=\"elementor-widget-wrap elementor-element-populated\">\n\t\t\t\t\t\t<div class=\"elementor-element elementor-element-d53f27e elementor-widget elementor-widget-text-editor\" data-id=\"d53f27e\" data-element_type=\"widget\" data-e-type=\"widget\" data-widget_type=\"text-editor.default\">\n\t\t\t\t<div class=\"elementor-widget-container\">\n\t\t\t\t\t\t\t\t\t<p>INFORMACI\u00d3N SOBRE LA UTILIZACI\u00d3N DE COOKIES -POLITICA DE COOKIES<\/p>\n<p>En esta Web se pueden estar utilizando cookies en algunas p\u00e1ginas. La finalidad de dichas cookies es mejorar el servicio que ofrecen a sus clientes y a nuestros visitantes. En caso de ser instaladas, el administrador de esta Web le solicitara su consentimiento para hacerlo, y tendr\u00e1 opci\u00f3n de aceptarlo.<\/p>\n<p>Art. 22 LSSI.- \u201cLos prestadores de servicios podr\u00e1n utilizar dispositivos de almacenamiento y recuperaci\u00f3n de datos en equipos terminales de los destinatarios, a condici\u00f3n de que los mismos hayan dado su consentimiento despu\u00e9s de que se les haya facilitado informaci\u00f3n clara y completa sobre su utilizaci\u00f3n, en particular, sobre los fines del tratamiento de los datos, con arreglo a lo dispuesto en la Ley Org\u00e1nica 15\/1999, de 13 de diciembre, de Protecci\u00f3n de Datos de Car\u00e1cter Personal, Cuando sea t\u00e9cnicamente posible y eficaz, el consentimiento del destinatario para aceptar el tratamiento de los datos podr\u00e1 facilitarse mediante el uso de los par\u00e1metros adecuados del navegador o de otras aplicaciones, siempre que aqu\u00e9l deba proceder a su configuraci\u00f3n durante su instalaci\u00f3n o actualizaci\u00f3n mediante una acci\u00f3n expresa a tal efecto. Lo anterior no impedir\u00e1 el posible almacenamiento o acceso de \u00edndole t\u00e9cnica al solo fin de efectuar la transmisi\u00f3n de una comunicaci\u00f3n por una red de comunicaciones electr\u00f3nicas o, en la medida que resulte estrictamente necesario, para la prestaci\u00f3n de un servicio de la sociedad de la informaci\u00f3n expresamente solicitado por el destinatario.\u201d<\/p>\n<p>Una \u00abCookie\u00bb es un peque\u00f1o archivo que se almacena en el ordenador del usuario y nos permite reconocerle. El conjunto de \u00abcookies\u00bb nos ayuda a mejorar la calidad de nuestra web, permiti\u00e9ndonos controlar qu\u00e9 p\u00e1ginas encuentran nuestros usuarios \u00fatiles y cu\u00e1les no. Vd. como usuario de la pagina Web puede BLOQUEAR O NO PERMITIR LA INSTACION DE UNA COOKIE mediante lo que le explican en este enlace Web: http:\/\/windows.microsoft.com\/es-es\/windows-vista\/block-or-allow-cookies<\/p>\n<p>Aunque las cookies son esenciales para el funcionamiento de internet, aportando innumerables ventajas en la prestaci\u00f3n de servicios interactivos, facilit\u00e1ndole la navegaci\u00f3n y el uso de nuestra web. Las cookies no pueden da\u00f1ar su equipo y que, a cambio, el que est\u00e9n activadas nos ayudan a identificar y resolver los errores.<\/p>\n<p>La informaci\u00f3n que le proporcionamos a continuaci\u00f3n, le ayudar\u00e1 a comprender los diferentes tipos de cookies:<\/p>\n<p>Cookies de sesi\u00f3n: son cookies temporales que permanecen en el archivo de cookies de su navegador hasta que abandone la p\u00e1gina web, por lo que ninguna queda registrada en el disco duro del usuario. La informaci\u00f3n obtenida por medio de estas cookies, sirven para analizar pautas de tr\u00e1fico en la web. A la larga, esto nos permite proporcionar una mejor experiencia para mejorar el contenido y facilitando su uso.<\/p>\n<p>Cookies permanentes: son almacenadas en el disco duro y nuestra web las lee cada vez que usted realiza una nueva visita. Una web permanente posee una fecha de expiraci\u00f3n determinada. La cookie dejar\u00e1 de funcionar despu\u00e9s de esa fecha. Las utilizamos, generalmente, para facilitar los servicios de compra y registro.<\/p>\n<p>Adem\u00e1s le informamos que las cookies permiten obtener la siguiente informaci\u00f3n:<\/p>\n<p>Fecha y hora de la \u00faltima vez que el usuario visit\u00f3 la Web<\/p>\n<p>Dise\u00f1o de contenido que el usuario escogi\u00f3 en su primera visita a la web.<\/p>\n<p>Elementos de seguridad que intervienen en el control de acceso a las \u00e1reas restringidas.<\/p>\n<p>Otro tipo de informaci\u00f3n de determinadas cookies especificas.<\/p>\n<p>En todo caso y en cumplimiento de la \u201cLey de Cookies\u201d Ley 13\/2012 de 30 de marzo, y del art. 22 de la LSSI, nuestra pagina Web, en caso de instalar alguna cookie le solicitara su consentimiento previo a la instalaci\u00f3n de la misma en el mismo momento que indexe nuestra direccion Web. En algunos casos, el hecho de no aceptar la instalaci\u00f3n de las mismas, nuestra p\u00e1gina Web puede no dejarle continuar navegando en la misma. Y algunos de nuestros servicios podr\u00edan no funcionar adecuadamente.<\/p>\n<p>Dentro de esta Web, pueden ser utilizadas estos tipos de Cookies, distinguiendo: Las cookies estrictamente necesarias como por ejemplo, aquellas que sirvan para una correcta navegaci\u00f3n o las que permitan realizar el pago de bienes o servicios solicitados por el usuario o cookies que sirvan para asegurar que el contenido de la p\u00e1gina web se carga eficazmente y correctamente. Las cookies de terceros, son las usadas por redes sociales, o por complementos externos de contenido como por ejemplo google maps, redes sociales\u2026 etc.<\/p>\n<p>\u00a0<\/p>\n<p>Las cookies anal\u00edticas con intenciones de mantenimiento peri\u00f3dico, y para garantizar el mejor servicio posible al usuario, se hacen uso normalmente de cookies anal\u00edticas para recopilar datos estad\u00edsticos de la actividad.<\/p>\t\t\t\t\t\t\t\t<\/div>\n\t\t\t\t<\/div>\n\t\t\t\t\t<\/div>\n\t\t<\/div>\n\t\t\t\t\t<\/div>\n\t\t<\/section>\n\t\t\t\t<\/div>\n\t\t","protected":false},"excerpt":{"rendered":"<p>INFORMACI\u00d3N SOBRE LA UTILIZACI\u00d3N DE COOKIES -POLITICA DE COOKIES En esta Web se pueden estar utilizando cookies en algunas p\u00e1ginas. La finalidad de dichas cookies es mejorar el servicio que ofrecen a sus clientes y a nuestros visitantes. En caso de ser instaladas, el administrador de esta Web le solicitara su consentimiento para hacerlo, y [&hellip;]<\/p>\n","protected":false},"author":1,"featured_media":0,"parent":0,"menu_order":0,"comment_status":"closed","ping_status":"closed","template":"","meta":{"ocean_post_layout":"","ocean_both_sidebars_style":"","ocean_both_sidebars_content_width":0,"ocean_both_sidebars_sidebars_width":0,"ocean_sidebar":"","ocean_second_sidebar":"","ocean_disable_margins":"enable","ocean_add_body_class":"","ocean_shortcode_before_top_bar":"","ocean_shortcode_after_top_bar":"","ocean_shortcode_before_header":"","ocean_shortcode_after_header":"","ocean_has_shortcode":"","ocean_shortcode_after_title":"","ocean_shortcode_before_footer_widgets":"","ocean_shortcode_after_footer_widgets":"","ocean_shortcode_before_footer_bottom":"","ocean_shortcode_after_footer_bottom":"","ocean_display_top_bar":"default","ocean_display_header":"default","ocean_header_style":"","ocean_center_header_left_menu":"","ocean_custom_header_template":"","ocean_custom_logo":0,"ocean_custom_retina_logo":0,"ocean_custom_logo_max_width":0,"ocean_custom_logo_tablet_max_width":0,"ocean_custom_logo_mobile_max_width":0,"ocean_custom_logo_max_height":0,"ocean_custom_logo_tablet_max_height":0,"ocean_custom_logo_mobile_max_height":0,"ocean_header_custom_menu":"","ocean_menu_typo_font_family":"","ocean_menu_typo_font_subset":"","ocean_menu_typo_font_size":0,"ocean_menu_typo_font_size_tablet":0,"ocean_menu_typo_font_size_mobile":0,"ocean_menu_typo_font_size_unit":"px","ocean_menu_typo_font_weight":"","ocean_menu_typo_font_weight_tablet":"","ocean_menu_typo_font_weight_mobile":"","ocean_menu_typo_transform":"","ocean_menu_typo_transform_tablet":"","ocean_menu_typo_transform_mobile":"","ocean_menu_typo_line_height":0,"ocean_menu_typo_line_height_tablet":0,"ocean_menu_typo_line_height_mobile":0,"ocean_menu_typo_line_height_unit":"","ocean_menu_typo_spacing":0,"ocean_menu_typo_spacing_tablet":0,"ocean_menu_typo_spacing_mobile":0,"ocean_menu_typo_spacing_unit":"","ocean_menu_link_color":"","ocean_menu_link_color_hover":"","ocean_menu_link_color_active":"","ocean_menu_link_background":"","ocean_menu_link_hover_background":"","ocean_menu_link_active_background":"","ocean_menu_social_links_bg":"","ocean_menu_social_hover_links_bg":"","ocean_menu_social_links_color":"","ocean_menu_social_hover_links_color":"","ocean_disable_title":"default","ocean_disable_heading":"default","ocean_post_title":"","ocean_post_subheading":"","ocean_post_title_style":"","ocean_post_title_background_color":"","ocean_post_title_background":0,"ocean_post_title_bg_image_position":"","ocean_post_title_bg_image_attachment":"","ocean_post_title_bg_image_repeat":"","ocean_post_title_bg_image_size":"","ocean_post_title_height":0,"ocean_post_title_bg_overlay":0.5,"ocean_post_title_bg_overlay_color":"","ocean_disable_breadcrumbs":"default","ocean_breadcrumbs_color":"","ocean_breadcrumbs_separator_color":"","ocean_breadcrumbs_links_color":"","ocean_breadcrumbs_links_hover_color":"","ocean_display_footer_widgets":"default","ocean_display_footer_bottom":"default","ocean_custom_footer_template":"","footnotes":""},"class_list":["post-690","page","type-page","status-publish","hentry","entry","owp-thumbs-layout-horizontal","owp-btn-normal","owp-tabs-layout-horizontal","has-no-thumbnails","has-product-nav"],"yoast_head":"<!-- This site is optimized with the Yoast SEO plugin v27.5 - https:\/\/yoast.com\/product\/yoast-seo-wordpress\/ -->\n<title>Pol\u00edtica de cookies - ASACEAN<\/title>\n<meta name=\"robots\" content=\"index, follow, max-snippet:-1, max-image-preview:large, max-video-preview:-1\" \/>\n<link rel=\"canonical\" href=\"https:\/\/asacean.com\/index.php\/politica-de-cookies\/\" \/>\n<meta property=\"og:locale\" content=\"es_ES\" \/>\n<meta property=\"og:type\" content=\"article\" \/>\n<meta property=\"og:title\" content=\"Pol\u00edtica de cookies - ASACEAN\" \/>\n<meta property=\"og:description\" content=\"INFORMACI\u00d3N SOBRE LA UTILIZACI\u00d3N DE COOKIES -POLITICA DE COOKIES En esta Web se pueden estar utilizando cookies en algunas p\u00e1ginas. La finalidad de dichas cookies es mejorar el servicio que ofrecen a sus clientes y a nuestros visitantes. En caso de ser instaladas, el administrador de esta Web le solicitara su consentimiento para hacerlo, y [&hellip;]\" \/>\n<meta property=\"og:url\" content=\"https:\/\/asacean.com\/index.php\/politica-de-cookies\/\" \/>\n<meta property=\"og:site_name\" content=\"ASACEAN\" \/>\n<meta property=\"article:modified_time\" content=\"2021-10-26T12:48:29+00:00\" \/>\n<meta name=\"twitter:card\" content=\"summary_large_image\" \/>\n<meta name=\"twitter:label1\" content=\"Tiempo de lectura\" \/>\n\t<meta name=\"twitter:data1\" content=\"4 minutos\" \/>\n<script type=\"application\/ld+json\" class=\"yoast-schema-graph\">{\"@context\":\"https:\\\/\\\/schema.org\",\"@graph\":[{\"@type\":\"WebPage\",\"@id\":\"https:\\\/\\\/asacean.com\\\/index.php\\\/politica-de-cookies\\\/\",\"url\":\"https:\\\/\\\/asacean.com\\\/index.php\\\/politica-de-cookies\\\/\",\"name\":\"Pol\u00edtica de cookies - ASACEAN\",\"isPartOf\":{\"@id\":\"https:\\\/\\\/asacean.com\\\/#website\"},\"datePublished\":\"2021-10-15T14:29:30+00:00\",\"dateModified\":\"2021-10-26T12:48:29+00:00\",\"breadcrumb\":{\"@id\":\"https:\\\/\\\/asacean.com\\\/index.php\\\/politica-de-cookies\\\/#breadcrumb\"},\"inLanguage\":\"es\",\"potentialAction\":[{\"@type\":\"ReadAction\",\"target\":[\"https:\\\/\\\/asacean.com\\\/index.php\\\/politica-de-cookies\\\/\"]}]},{\"@type\":\"BreadcrumbList\",\"@id\":\"https:\\\/\\\/asacean.com\\\/index.php\\\/politica-de-cookies\\\/#breadcrumb\",\"itemListElement\":[{\"@type\":\"ListItem\",\"position\":1,\"name\":\"Portada\",\"item\":\"https:\\\/\\\/asacean.com\\\/\"},{\"@type\":\"ListItem\",\"position\":2,\"name\":\"Pol\u00edtica de cookies\"}]},{\"@type\":\"WebSite\",\"@id\":\"https:\\\/\\\/asacean.com\\\/#website\",\"url\":\"https:\\\/\\\/asacean.com\\\/\",\"name\":\"ASACEAN\",\"description\":\"Asociaci\u00f3n de Aut\u00f3nomos, Comerciantes y Empresarios de Andaluc\u00eda\",\"publisher\":{\"@id\":\"https:\\\/\\\/asacean.com\\\/#organization\"},\"potentialAction\":[{\"@type\":\"SearchAction\",\"target\":{\"@type\":\"EntryPoint\",\"urlTemplate\":\"https:\\\/\\\/asacean.com\\\/?s={search_term_string}\"},\"query-input\":{\"@type\":\"PropertyValueSpecification\",\"valueRequired\":true,\"valueName\":\"search_term_string\"}}],\"inLanguage\":\"es\"},{\"@type\":\"Organization\",\"@id\":\"https:\\\/\\\/asacean.com\\\/#organization\",\"name\":\"ASACEAN\",\"url\":\"https:\\\/\\\/asacean.com\\\/\",\"logo\":{\"@type\":\"ImageObject\",\"inLanguage\":\"es\",\"@id\":\"https:\\\/\\\/asacean.com\\\/#\\\/schema\\\/logo\\\/image\\\/\",\"url\":\"https:\\\/\\\/asacean.com\\\/wp-content\\\/uploads\\\/2021\\\/10\\\/logoasacean1.png\",\"contentUrl\":\"https:\\\/\\\/asacean.com\\\/wp-content\\\/uploads\\\/2021\\\/10\\\/logoasacean1.png\",\"width\":561,\"height\":213,\"caption\":\"ASACEAN\"},\"image\":{\"@id\":\"https:\\\/\\\/asacean.com\\\/#\\\/schema\\\/logo\\\/image\\\/\"}}]}<\/script>\n<!-- \/ Yoast SEO plugin. -->","yoast_head_json":{"title":"Pol\u00edtica de cookies - ASACEAN","robots":{"index":"index","follow":"follow","max-snippet":"max-snippet:-1","max-image-preview":"max-image-preview:large","max-video-preview":"max-video-preview:-1"},"canonical":"https:\/\/asacean.com\/index.php\/politica-de-cookies\/","og_locale":"es_ES","og_type":"article","og_title":"Pol\u00edtica de cookies - ASACEAN","og_description":"INFORMACI\u00d3N SOBRE LA UTILIZACI\u00d3N DE COOKIES -POLITICA DE COOKIES En esta Web se pueden estar utilizando cookies en algunas p\u00e1ginas. La finalidad de dichas cookies es mejorar el servicio que ofrecen a sus clientes y a nuestros visitantes. En caso de ser instaladas, el administrador de esta Web le solicitara su consentimiento para hacerlo, y [&hellip;]","og_url":"https:\/\/asacean.com\/index.php\/politica-de-cookies\/","og_site_name":"ASACEAN","article_modified_time":"2021-10-26T12:48:29+00:00","twitter_card":"summary_large_image","twitter_misc":{"Tiempo de lectura":"4 minutos"},"schema":{"@context":"https:\/\/schema.org","@graph":[{"@type":"WebPage","@id":"https:\/\/asacean.com\/index.php\/politica-de-cookies\/","url":"https:\/\/asacean.com\/index.php\/politica-de-cookies\/","name":"Pol\u00edtica de cookies - ASACEAN","isPartOf":{"@id":"https:\/\/asacean.com\/#website"},"datePublished":"2021-10-15T14:29:30+00:00","dateModified":"2021-10-26T12:48:29+00:00","breadcrumb":{"@id":"https:\/\/asacean.com\/index.php\/politica-de-cookies\/#breadcrumb"},"inLanguage":"es","potentialAction":[{"@type":"ReadAction","target":["https:\/\/asacean.com\/index.php\/politica-de-cookies\/"]}]},{"@type":"BreadcrumbList","@id":"https:\/\/asacean.com\/index.php\/politica-de-cookies\/#breadcrumb","itemListElement":[{"@type":"ListItem","position":1,"name":"Portada","item":"https:\/\/asacean.com\/"},{"@type":"ListItem","position":2,"name":"Pol\u00edtica de cookies"}]},{"@type":"WebSite","@id":"https:\/\/asacean.com\/#website","url":"https:\/\/asacean.com\/","name":"ASACEAN","description":"Asociaci\u00f3n de Aut\u00f3nomos, Comerciantes y Empresarios de Andaluc\u00eda","publisher":{"@id":"https:\/\/asacean.com\/#organization"},"potentialAction":[{"@type":"SearchAction","target":{"@type":"EntryPoint","urlTemplate":"https:\/\/asacean.com\/?s={search_term_string}"},"query-input":{"@type":"PropertyValueSpecification","valueRequired":true,"valueName":"search_term_string"}}],"inLanguage":"es"},{"@type":"Organization","@id":"https:\/\/asacean.com\/#organization","name":"ASACEAN","url":"https:\/\/asacean.com\/","logo":{"@type":"ImageObject","inLanguage":"es","@id":"https:\/\/asacean.com\/#\/schema\/logo\/image\/","url":"https:\/\/asacean.com\/wp-content\/uploads\/2021\/10\/logoasacean1.png","contentUrl":"https:\/\/asacean.com\/wp-content\/uploads\/2021\/10\/logoasacean1.png","width":561,"height":213,"caption":"ASACEAN"},"image":{"@id":"https:\/\/asacean.com\/#\/schema\/logo\/image\/"}}]}},"_links":{"self":[{"href":"https:\/\/asacean.com\/index.php\/wp-json\/wp\/v2\/pages\/690","targetHints":{"allow":["GET"]}}],"collection":[{"href":"https:\/\/asacean.com\/index.php\/wp-json\/wp\/v2\/pages"}],"about":[{"href":"https:\/\/asacean.com\/index.php\/wp-json\/wp\/v2\/types\/page"}],"author":[{"embeddable":true,"href":"https:\/\/asacean.com\/index.php\/wp-json\/wp\/v2\/users\/1"}],"replies":[{"embeddable":true,"href":"https:\/\/asacean.com\/index.php\/wp-json\/wp\/v2\/comments?post=690"}],"version-history":[{"count":4,"href":"https:\/\/asacean.com\/index.php\/wp-json\/wp\/v2\/pages\/690\/revisions"}],"predecessor-version":[{"id":1139,"href":"https:\/\/asacean.com\/index.php\/wp-json\/wp\/v2\/pages\/690\/revisions\/1139"}],"wp:attachment":[{"href":"https:\/\/asacean.com\/index.php\/wp-json\/wp\/v2\/media?parent=690"}],"curies":[{"name":"wp","href":"https:\/\/api.w.org\/{rel}","templated":true}]}}