{"id":5831,"date":"2022-01-03T11:11:33","date_gmt":"2022-01-03T11:11:33","guid":{"rendered":"https:\/\/asacean.com\/?post_type=product&#038;p=5831"},"modified":"2022-01-03T11:15:48","modified_gmt":"2022-01-03T11:15:48","slug":"bolsos-y-complementos-marmoles","status":"publish","type":"product","link":"https:\/\/asacean.com\/index.php\/producto\/bolsos-y-complementos-marmoles\/","title":{"rendered":"Bolsos y Complementos M\u00e1rmoles"},"content":{"rendered":"<p>M\u00e1s de 25 a\u00f1os de experiencia y m\u00e1s de una d\u00e9cada vendiendo a trav\u00e9s de Internet avalan a esta tienda del peque\u00f1o comercio alojada en M\u00e1laga desde 1994, en pleno centro de la ciudad. Expertos en bolsos y complementos para mujer y caballero: productos en piel vacuna, cinturones, carteras, maletines, trolleys de viaje y todo un completo cat\u00e1logo de productos de las mejores firmas y al mejor precio.<\/p>\n<ul class=\"list-1\">\n<li>Productos de alta calidad<\/li>\n<li>El mejor servicio de atenci\u00f3n al cliente<\/li>\n<li>Descuentos y ofertas en todo el cat\u00e1logo<\/li>\n<\/ul>\n<p><a class=\"btn btn-default\" href=\"https:\/\/www.google.com\/maps\/place\/Bolsos+y+Complementos+M%C3%A1rmoles\/@36.7215032,-4.4313645,15z\/data=!4m12!1m6!3m5!1s0x0:0x7436d96c3026711!2sBolsos+y+Complementos+M%C3%A1rmoles!8m2!3d36.7215432!4d-4.4313243!3m4!1s0x0:0x7436d96c3026711!8m2!3d36.7215432!4d-4.4313243\" target=\"_blank\" rel=\"noreferrer noopener\">PINCHA AQU\u00cd PARA VER LA LOCALIZACI\u00d3N EN GOOGLE MAPS.<\/a><\/p>\n","protected":false},"excerpt":{"rendered":"<p>Horario de la tienda f\u00edsica<br \/>\nLunes a viernes de 10:00 a 13:30 y de 17:00 a 20:30h<br \/>\nS\u00e1bados de 10:00 a 14:00h<br \/>\nDomingos cerrado.<\/p>\n<p>Llamadas y Whatsapp al<\/p>\n<p><a href=\"https:\/\/api.whatsapp.com\/send?phone=34952612147\" target=\"_blank\" rel=\"noopener\"><span class=\"text h3\">952 612 147<\/span><\/a>\u00a0<span class=\"text segtlf\">| 655 868 936<\/span><\/p>\n<p>Encu\u00e9ntranos en C\/M\u00e1rmoles 64<\/p>\n<p>29007 (M\u00e1laga)<\/p>\n<p><a href=\"mailto:tienda@bolsosmarmoles.es\">tienda@bolsosmarmoles.es<\/a><\/p>\n<p><a href=\"https:\/\/bolsosmarmoles.es\/\">https:\/\/bolsosmarmoles.es\/<\/a><\/p>\n<p>&nbsp;<\/p>\n<p>&nbsp;<\/p>\n","protected":false},"featured_media":5832,"comment_status":"open","ping_status":"closed","template":"","meta":{"ocean_post_layout":"","ocean_both_sidebars_style":"","ocean_both_sidebars_content_width":0,"ocean_both_sidebars_sidebars_width":0,"ocean_sidebar":"","ocean_second_sidebar":"","ocean_disable_margins":"enable","ocean_add_body_class":"","ocean_shortcode_before_top_bar":"","ocean_shortcode_after_top_bar":"","ocean_shortcode_before_header":"","ocean_shortcode_after_header":"","ocean_has_shortcode":"","ocean_shortcode_after_title":"","ocean_shortcode_before_footer_widgets":"","ocean_shortcode_after_footer_widgets":"","ocean_shortcode_before_footer_bottom":"","ocean_shortcode_after_footer_bottom":"","ocean_display_top_bar":"default","ocean_display_header":"default","ocean_header_style":"","ocean_center_header_left_menu":"","ocean_custom_header_template":"","ocean_custom_logo":0,"ocean_custom_retina_logo":0,"ocean_custom_logo_max_width":0,"ocean_custom_logo_tablet_max_width":0,"ocean_custom_logo_mobile_max_width":0,"ocean_custom_logo_max_height":0,"ocean_custom_logo_tablet_max_height":0,"ocean_custom_logo_mobile_max_height":0,"ocean_header_custom_menu":"","ocean_menu_typo_font_family":"","ocean_menu_typo_font_subset":"","ocean_menu_typo_font_size":0,"ocean_menu_typo_font_size_tablet":0,"ocean_menu_typo_font_size_mobile":0,"ocean_menu_typo_font_size_unit":"px","ocean_menu_typo_font_weight":"","ocean_menu_typo_font_weight_tablet":"","ocean_menu_typo_font_weight_mobile":"","ocean_menu_typo_transform":"","ocean_menu_typo_transform_tablet":"","ocean_menu_typo_transform_mobile":"","ocean_menu_typo_line_height":0,"ocean_menu_typo_line_height_tablet":0,"ocean_menu_typo_line_height_mobile":0,"ocean_menu_typo_line_height_unit":"","ocean_menu_typo_spacing":0,"ocean_menu_typo_spacing_tablet":0,"ocean_menu_typo_spacing_mobile":0,"ocean_menu_typo_spacing_unit":"","ocean_menu_link_color":"","ocean_menu_link_color_hover":"","ocean_menu_link_color_active":"","ocean_menu_link_background":"","ocean_menu_link_hover_background":"","ocean_menu_link_active_background":"","ocean_menu_social_links_bg":"","ocean_menu_social_hover_links_bg":"","ocean_menu_social_links_color":"","ocean_menu_social_hover_links_color":"","ocean_disable_title":"default","ocean_disable_heading":"default","ocean_post_title":"","ocean_post_subheading":"","ocean_post_title_style":"","ocean_post_title_background_color":"","ocean_post_title_background":0,"ocean_post_title_bg_image_position":"","ocean_post_title_bg_image_attachment":"","ocean_post_title_bg_image_repeat":"","ocean_post_title_bg_image_size":"","ocean_post_title_height":0,"ocean_post_title_bg_overlay":0.5,"ocean_post_title_bg_overlay_color":"","ocean_disable_breadcrumbs":"default","ocean_breadcrumbs_color":"","ocean_breadcrumbs_separator_color":"","ocean_breadcrumbs_links_color":"","ocean_breadcrumbs_links_hover_color":"","ocean_display_footer_widgets":"default","ocean_display_footer_bottom":"default","ocean_custom_footer_template":""},"product_brand":[],"product_cat":[136,137],"product_tag":[],"class_list":{"0":"post-5831","1":"product","2":"type-product","3":"status-publish","4":"has-post-thumbnail","6":"product_cat-calzados-complementos-bolsos","7":"product_cat-calzados-complementos-complementos","9":"entry","10":"has-media","12":"first","13":"instock","14":"shipping-taxable","15":"product-type-simple","16":"has-product-nav","17":"col","18":"span_1_of_3","19":"owp-content-center","20":"owp-thumbs-layout-horizontal","21":"owp-btn-normal","22":"owp-tabs-layout-horizontal","23":"has-no-thumbnails"},"yoast_head":"<!-- This site is optimized with the Yoast SEO plugin v27.5 - https:\/\/yoast.com\/product\/yoast-seo-wordpress\/ -->\n<title>Bolsos y Complementos M\u00e1rmoles - ASACEAN<\/title>\n<meta name=\"robots\" content=\"index, follow, max-snippet:-1, max-image-preview:large, max-video-preview:-1\" \/>\n<link rel=\"canonical\" href=\"https:\/\/asacean.com\/index.php\/producto\/bolsos-y-complementos-marmoles\/\" \/>\n<meta property=\"og:locale\" content=\"es_ES\" \/>\n<meta property=\"og:type\" content=\"article\" \/>\n<meta property=\"og:title\" content=\"Bolsos y Complementos M\u00e1rmoles - ASACEAN\" \/>\n<meta property=\"og:description\" content=\"Horario de la tienda f\u00edsica Lunes a viernes de 10:00 a 13:30 y de 17:00 a 20:30h S\u00e1bados de 10:00 a 14:00h Domingos cerrado.  Llamadas y Whatsapp al  952 612 147\u00a0| 655 868 936  Encu\u00e9ntranos en C\/M\u00e1rmoles 64  29007 (M\u00e1laga)  tienda@bolsosmarmoles.es  https:\/\/bolsosmarmoles.es\/  &nbsp;  &nbsp;\" \/>\n<meta property=\"og:url\" content=\"https:\/\/asacean.com\/index.php\/producto\/bolsos-y-complementos-marmoles\/\" \/>\n<meta property=\"og:site_name\" content=\"ASACEAN\" \/>\n<meta property=\"article:modified_time\" content=\"2022-01-03T11:15:48+00:00\" \/>\n<meta property=\"og:image\" content=\"https:\/\/asacean.com\/wp-content\/uploads\/2022\/01\/18699779_1405983146114347_4086848671051282480_n.jpg\" \/>\n\t<meta property=\"og:image:width\" content=\"500\" \/>\n\t<meta property=\"og:image:height\" content=\"500\" \/>\n\t<meta property=\"og:image:type\" content=\"image\/jpeg\" \/>\n<meta name=\"twitter:card\" content=\"summary_large_image\" \/>\n<meta name=\"twitter:label1\" content=\"Tiempo de lectura\" \/>\n\t<meta name=\"twitter:data1\" content=\"1 minuto\" \/>\n<script type=\"application\/ld+json\" class=\"yoast-schema-graph\">{\"@context\":\"https:\\\/\\\/schema.org\",\"@graph\":[{\"@type\":\"WebPage\",\"@id\":\"https:\\\/\\\/asacean.com\\\/index.php\\\/producto\\\/bolsos-y-complementos-marmoles\\\/\",\"url\":\"https:\\\/\\\/asacean.com\\\/index.php\\\/producto\\\/bolsos-y-complementos-marmoles\\\/\",\"name\":\"Bolsos y Complementos M\u00e1rmoles - ASACEAN\",\"isPartOf\":{\"@id\":\"https:\\\/\\\/asacean.com\\\/#website\"},\"primaryImageOfPage\":{\"@id\":\"https:\\\/\\\/asacean.com\\\/index.php\\\/producto\\\/bolsos-y-complementos-marmoles\\\/#primaryimage\"},\"image\":{\"@id\":\"https:\\\/\\\/asacean.com\\\/index.php\\\/producto\\\/bolsos-y-complementos-marmoles\\\/#primaryimage\"},\"thumbnailUrl\":\"https:\\\/\\\/asacean.com\\\/wp-content\\\/uploads\\\/2022\\\/01\\\/18699779_1405983146114347_4086848671051282480_n.jpg\",\"datePublished\":\"2022-01-03T11:11:33+00:00\",\"dateModified\":\"2022-01-03T11:15:48+00:00\",\"breadcrumb\":{\"@id\":\"https:\\\/\\\/asacean.com\\\/index.php\\\/producto\\\/bolsos-y-complementos-marmoles\\\/#breadcrumb\"},\"inLanguage\":\"es\",\"potentialAction\":[{\"@type\":\"ReadAction\",\"target\":[\"https:\\\/\\\/asacean.com\\\/index.php\\\/producto\\\/bolsos-y-complementos-marmoles\\\/\"]}]},{\"@type\":\"ImageObject\",\"inLanguage\":\"es\",\"@id\":\"https:\\\/\\\/asacean.com\\\/index.php\\\/producto\\\/bolsos-y-complementos-marmoles\\\/#primaryimage\",\"url\":\"https:\\\/\\\/asacean.com\\\/wp-content\\\/uploads\\\/2022\\\/01\\\/18699779_1405983146114347_4086848671051282480_n.jpg\",\"contentUrl\":\"https:\\\/\\\/asacean.com\\\/wp-content\\\/uploads\\\/2022\\\/01\\\/18699779_1405983146114347_4086848671051282480_n.jpg\",\"width\":500,\"height\":500},{\"@type\":\"BreadcrumbList\",\"@id\":\"https:\\\/\\\/asacean.com\\\/index.php\\\/producto\\\/bolsos-y-complementos-marmoles\\\/#breadcrumb\",\"itemListElement\":[{\"@type\":\"ListItem\",\"position\":1,\"name\":\"Portada\",\"item\":\"https:\\\/\\\/asacean.com\\\/\"},{\"@type\":\"ListItem\",\"position\":2,\"name\":\"Sectores de actividad\",\"item\":\"https:\\\/\\\/asacean.com\\\/index.php\\\/sectores-de-actividad\\\/\"},{\"@type\":\"ListItem\",\"position\":3,\"name\":\"Bolsos y Complementos M\u00e1rmoles\"}]},{\"@type\":\"WebSite\",\"@id\":\"https:\\\/\\\/asacean.com\\\/#website\",\"url\":\"https:\\\/\\\/asacean.com\\\/\",\"name\":\"ASACEAN\",\"description\":\"Asociaci\u00f3n de Aut\u00f3nomos, Comerciantes y Empresarios de Andaluc\u00eda\",\"publisher\":{\"@id\":\"https:\\\/\\\/asacean.com\\\/#organization\"},\"potentialAction\":[{\"@type\":\"SearchAction\",\"target\":{\"@type\":\"EntryPoint\",\"urlTemplate\":\"https:\\\/\\\/asacean.com\\\/?s={search_term_string}\"},\"query-input\":{\"@type\":\"PropertyValueSpecification\",\"valueRequired\":true,\"valueName\":\"search_term_string\"}}],\"inLanguage\":\"es\"},{\"@type\":\"Organization\",\"@id\":\"https:\\\/\\\/asacean.com\\\/#organization\",\"name\":\"ASACEAN\",\"url\":\"https:\\\/\\\/asacean.com\\\/\",\"logo\":{\"@type\":\"ImageObject\",\"inLanguage\":\"es\",\"@id\":\"https:\\\/\\\/asacean.com\\\/#\\\/schema\\\/logo\\\/image\\\/\",\"url\":\"https:\\\/\\\/asacean.com\\\/wp-content\\\/uploads\\\/2021\\\/10\\\/logoasacean1.png\",\"contentUrl\":\"https:\\\/\\\/asacean.com\\\/wp-content\\\/uploads\\\/2021\\\/10\\\/logoasacean1.png\",\"width\":561,\"height\":213,\"caption\":\"ASACEAN\"},\"image\":{\"@id\":\"https:\\\/\\\/asacean.com\\\/#\\\/schema\\\/logo\\\/image\\\/\"}}]}<\/script>\n<!-- \/ Yoast SEO plugin. -->","yoast_head_json":{"title":"Bolsos y Complementos M\u00e1rmoles - ASACEAN","robots":{"index":"index","follow":"follow","max-snippet":"max-snippet:-1","max-image-preview":"max-image-preview:large","max-video-preview":"max-video-preview:-1"},"canonical":"https:\/\/asacean.com\/index.php\/producto\/bolsos-y-complementos-marmoles\/","og_locale":"es_ES","og_type":"article","og_title":"Bolsos y Complementos M\u00e1rmoles - ASACEAN","og_description":"Horario de la tienda f\u00edsica Lunes a viernes de 10:00 a 13:30 y de 17:00 a 20:30h S\u00e1bados de 10:00 a 14:00h Domingos cerrado.  Llamadas y Whatsapp al  952 612 147\u00a0| 655 868 936  Encu\u00e9ntranos en C\/M\u00e1rmoles 64  29007 (M\u00e1laga)  tienda@bolsosmarmoles.es  https:\/\/bolsosmarmoles.es\/  &nbsp;  &nbsp;","og_url":"https:\/\/asacean.com\/index.php\/producto\/bolsos-y-complementos-marmoles\/","og_site_name":"ASACEAN","article_modified_time":"2022-01-03T11:15:48+00:00","og_image":[{"width":500,"height":500,"url":"https:\/\/asacean.com\/wp-content\/uploads\/2022\/01\/18699779_1405983146114347_4086848671051282480_n.jpg","type":"image\/jpeg"}],"twitter_card":"summary_large_image","twitter_misc":{"Tiempo de lectura":"1 minuto"},"schema":{"@context":"https:\/\/schema.org","@graph":[{"@type":"WebPage","@id":"https:\/\/asacean.com\/index.php\/producto\/bolsos-y-complementos-marmoles\/","url":"https:\/\/asacean.com\/index.php\/producto\/bolsos-y-complementos-marmoles\/","name":"Bolsos y Complementos M\u00e1rmoles - ASACEAN","isPartOf":{"@id":"https:\/\/asacean.com\/#website"},"primaryImageOfPage":{"@id":"https:\/\/asacean.com\/index.php\/producto\/bolsos-y-complementos-marmoles\/#primaryimage"},"image":{"@id":"https:\/\/asacean.com\/index.php\/producto\/bolsos-y-complementos-marmoles\/#primaryimage"},"thumbnailUrl":"https:\/\/asacean.com\/wp-content\/uploads\/2022\/01\/18699779_1405983146114347_4086848671051282480_n.jpg","datePublished":"2022-01-03T11:11:33+00:00","dateModified":"2022-01-03T11:15:48+00:00","breadcrumb":{"@id":"https:\/\/asacean.com\/index.php\/producto\/bolsos-y-complementos-marmoles\/#breadcrumb"},"inLanguage":"es","potentialAction":[{"@type":"ReadAction","target":["https:\/\/asacean.com\/index.php\/producto\/bolsos-y-complementos-marmoles\/"]}]},{"@type":"ImageObject","inLanguage":"es","@id":"https:\/\/asacean.com\/index.php\/producto\/bolsos-y-complementos-marmoles\/#primaryimage","url":"https:\/\/asacean.com\/wp-content\/uploads\/2022\/01\/18699779_1405983146114347_4086848671051282480_n.jpg","contentUrl":"https:\/\/asacean.com\/wp-content\/uploads\/2022\/01\/18699779_1405983146114347_4086848671051282480_n.jpg","width":500,"height":500},{"@type":"BreadcrumbList","@id":"https:\/\/asacean.com\/index.php\/producto\/bolsos-y-complementos-marmoles\/#breadcrumb","itemListElement":[{"@type":"ListItem","position":1,"name":"Portada","item":"https:\/\/asacean.com\/"},{"@type":"ListItem","position":2,"name":"Sectores de actividad","item":"https:\/\/asacean.com\/index.php\/sectores-de-actividad\/"},{"@type":"ListItem","position":3,"name":"Bolsos y Complementos M\u00e1rmoles"}]},{"@type":"WebSite","@id":"https:\/\/asacean.com\/#website","url":"https:\/\/asacean.com\/","name":"ASACEAN","description":"Asociaci\u00f3n de Aut\u00f3nomos, Comerciantes y Empresarios de Andaluc\u00eda","publisher":{"@id":"https:\/\/asacean.com\/#organization"},"potentialAction":[{"@type":"SearchAction","target":{"@type":"EntryPoint","urlTemplate":"https:\/\/asacean.com\/?s={search_term_string}"},"query-input":{"@type":"PropertyValueSpecification","valueRequired":true,"valueName":"search_term_string"}}],"inLanguage":"es"},{"@type":"Organization","@id":"https:\/\/asacean.com\/#organization","name":"ASACEAN","url":"https:\/\/asacean.com\/","logo":{"@type":"ImageObject","inLanguage":"es","@id":"https:\/\/asacean.com\/#\/schema\/logo\/image\/","url":"https:\/\/asacean.com\/wp-content\/uploads\/2021\/10\/logoasacean1.png","contentUrl":"https:\/\/asacean.com\/wp-content\/uploads\/2021\/10\/logoasacean1.png","width":561,"height":213,"caption":"ASACEAN"},"image":{"@id":"https:\/\/asacean.com\/#\/schema\/logo\/image\/"}}]}},"_links":{"self":[{"href":"https:\/\/asacean.com\/index.php\/wp-json\/wp\/v2\/product\/5831","targetHints":{"allow":["GET"]}}],"collection":[{"href":"https:\/\/asacean.com\/index.php\/wp-json\/wp\/v2\/product"}],"about":[{"href":"https:\/\/asacean.com\/index.php\/wp-json\/wp\/v2\/types\/product"}],"replies":[{"embeddable":true,"href":"https:\/\/asacean.com\/index.php\/wp-json\/wp\/v2\/comments?post=5831"}],"wp:featuredmedia":[{"embeddable":true,"href":"https:\/\/asacean.com\/index.php\/wp-json\/wp\/v2\/media\/5832"}],"wp:attachment":[{"href":"https:\/\/asacean.com\/index.php\/wp-json\/wp\/v2\/media?parent=5831"}],"wp:term":[{"taxonomy":"product_brand","embeddable":true,"href":"https:\/\/asacean.com\/index.php\/wp-json\/wp\/v2\/product_brand?post=5831"},{"taxonomy":"product_cat","embeddable":true,"href":"https:\/\/asacean.com\/index.php\/wp-json\/wp\/v2\/product_cat?post=5831"},{"taxonomy":"product_tag","embeddable":true,"href":"https:\/\/asacean.com\/index.php\/wp-json\/wp\/v2\/product_tag?post=5831"}],"curies":[{"name":"wp","href":"https:\/\/api.w.org\/{rel}","templated":true}]}}