{"id":5973,"date":"2022-06-14T08:47:25","date_gmt":"2022-06-14T08:47:25","guid":{"rendered":"https:\/\/asacean.com\/?post_type=product&#038;p=5973"},"modified":"2022-06-14T08:47:25","modified_gmt":"2022-06-14T08:47:25","slug":"recover-it","status":"publish","type":"product","link":"https:\/\/asacean.com\/index.php\/producto\/recover-it\/","title":{"rendered":"recover it"},"content":{"rendered":"<p>Recoverit es una empresa tecnol\u00f3gica malague\u00f1a,\u00a0ideada y creada recientemente por un profesional\u00a0en el sector de la seguridad p\u00fablica. Esta\u00a0herramienta permite a las administraciones p\u00fablicas, empresas privadas de transportes de viajeros y todas aquellas que gestionen Objetos perdidos, ofrecer a sus clientes, ciudadanos o turistas, la oportunidad real de recuperar sus efectos personales en un tiempo r\u00e9cord, mejorando sustancialmente la atenci\u00f3n al cliente.<\/p>\n<p>Desaparece la necesidad por parte del cliente, de realizar llamadas telef\u00f3nicas y gestiones infructuosas en busca de sus pertenencias, de\u00a0forma sencilla y en pocos clics, permite al usuario comunicar la p\u00e9rdida de sus pertenencias de una forma sencilla y muy intuitiva, con bocetos y figuras que facilitan el registro, de la misma forma que al ciudadano, funcionario o empleado, de comunicar su recuperaci\u00f3n y un lugar de dep\u00f3sito.<\/p>\n<p>Recoverit localiza los Matchs entre el objeto perdido y el objeto encontrado, comunicando al cliente o ciudadano de su recuperaci\u00f3n y\u00a0su lugar de dep\u00f3sito, evitando molestias innecesarias al usuario.<\/p>\n<p>Una\u00a0empresa de servicios, traducida de momento en siete idiomas, que\u00a0ha revolucionado la gesti\u00f3n de\u00a0<strong>Objetos Perdidos<\/strong>\u00a0y que ha incorporado recientemente, al ser su creador un amante de los animales,\u00a0<strong>la recuperaci\u00f3n de mascotas<\/strong>.<\/p>\n<p>El municipio de \u00c1lora y la empresa Unitaxi en M\u00e1laga y\u00a0<em>Arb\u00f3s<\/em>\u00a0del Panad\u00e9s\u200b\u00a0y La Bisbal del Pened\u00e9s en Catalu\u00f1a ya funcionan eficientemente con este sistema.<\/p>\n<p>No duden en contactar con ellos para digitalizar la gesti\u00f3n de objetos perdidos\u00a0en su empresa o ciudad y ofrecer un servicio\u00a0eficiente, sencillo e intuitivo\u00a0a sus clientes, ciudadanos y turistas.<\/p>\n","protected":false},"excerpt":{"rendered":"<p>Departamento de Atenci\u00f3n al Usuario<\/p>\n<p><a href=\"info@recoverit.es\">info@recoverit.es<\/a><\/p>\n<p><a href=\"https:\/\/www.recoverit.es\/\">https:\/\/www.recoverit.es\/<\/a><\/p>\n<p>+34 952 07 33 52<br \/>\n+34 657 71 12 67<\/p>\n","protected":false},"featured_media":5974,"comment_status":"open","ping_status":"closed","template":"","meta":{"ocean_post_layout":"","ocean_both_sidebars_style":"","ocean_both_sidebars_content_width":0,"ocean_both_sidebars_sidebars_width":0,"ocean_sidebar":"","ocean_second_sidebar":"","ocean_disable_margins":"enable","ocean_add_body_class":"","ocean_shortcode_before_top_bar":"","ocean_shortcode_after_top_bar":"","ocean_shortcode_before_header":"","ocean_shortcode_after_header":"","ocean_has_shortcode":"","ocean_shortcode_after_title":"","ocean_shortcode_before_footer_widgets":"","ocean_shortcode_after_footer_widgets":"","ocean_shortcode_before_footer_bottom":"","ocean_shortcode_after_footer_bottom":"","ocean_display_top_bar":"default","ocean_display_header":"default","ocean_header_style":"","ocean_center_header_left_menu":"","ocean_custom_header_template":"","ocean_custom_logo":0,"ocean_custom_retina_logo":0,"ocean_custom_logo_max_width":0,"ocean_custom_logo_tablet_max_width":0,"ocean_custom_logo_mobile_max_width":0,"ocean_custom_logo_max_height":0,"ocean_custom_logo_tablet_max_height":0,"ocean_custom_logo_mobile_max_height":0,"ocean_header_custom_menu":"","ocean_menu_typo_font_family":"","ocean_menu_typo_font_subset":"","ocean_menu_typo_font_size":0,"ocean_menu_typo_font_size_tablet":0,"ocean_menu_typo_font_size_mobile":0,"ocean_menu_typo_font_size_unit":"px","ocean_menu_typo_font_weight":"","ocean_menu_typo_font_weight_tablet":"","ocean_menu_typo_font_weight_mobile":"","ocean_menu_typo_transform":"","ocean_menu_typo_transform_tablet":"","ocean_menu_typo_transform_mobile":"","ocean_menu_typo_line_height":0,"ocean_menu_typo_line_height_tablet":0,"ocean_menu_typo_line_height_mobile":0,"ocean_menu_typo_line_height_unit":"","ocean_menu_typo_spacing":0,"ocean_menu_typo_spacing_tablet":0,"ocean_menu_typo_spacing_mobile":0,"ocean_menu_typo_spacing_unit":"","ocean_menu_link_color":"","ocean_menu_link_color_hover":"","ocean_menu_link_color_active":"","ocean_menu_link_background":"","ocean_menu_link_hover_background":"","ocean_menu_link_active_background":"","ocean_menu_social_links_bg":"","ocean_menu_social_hover_links_bg":"","ocean_menu_social_links_color":"","ocean_menu_social_hover_links_color":"","ocean_disable_title":"default","ocean_disable_heading":"default","ocean_post_title":"","ocean_post_subheading":"","ocean_post_title_style":"","ocean_post_title_background_color":"","ocean_post_title_background":0,"ocean_post_title_bg_image_position":"","ocean_post_title_bg_image_attachment":"","ocean_post_title_bg_image_repeat":"","ocean_post_title_bg_image_size":"","ocean_post_title_height":0,"ocean_post_title_bg_overlay":0.5,"ocean_post_title_bg_overlay_color":"","ocean_disable_breadcrumbs":"default","ocean_breadcrumbs_color":"","ocean_breadcrumbs_separator_color":"","ocean_breadcrumbs_links_color":"","ocean_breadcrumbs_links_hover_color":"","ocean_display_footer_widgets":"default","ocean_display_footer_bottom":"default","ocean_custom_footer_template":""},"product_brand":[],"product_cat":[365],"product_tag":[],"class_list":{"0":"post-5973","1":"product","2":"type-product","3":"status-publish","4":"has-post-thumbnail","6":"product_cat-objetos-perdidos","8":"entry","9":"has-media","11":"first","12":"instock","13":"shipping-taxable","14":"product-type-simple","15":"has-product-nav","16":"col","17":"span_1_of_3","18":"owp-content-center","19":"owp-thumbs-layout-horizontal","20":"owp-btn-normal","21":"owp-tabs-layout-horizontal","22":"has-no-thumbnails"},"yoast_head":"<!-- This site is optimized with the Yoast SEO plugin v27.3 - https:\/\/yoast.com\/product\/yoast-seo-wordpress\/ -->\n<title>recover it - ASACEAN<\/title>\n<meta name=\"robots\" content=\"index, follow, max-snippet:-1, max-image-preview:large, max-video-preview:-1\" \/>\n<link rel=\"canonical\" href=\"https:\/\/asacean.com\/index.php\/producto\/recover-it\/\" \/>\n<meta property=\"og:locale\" content=\"es_ES\" \/>\n<meta property=\"og:type\" content=\"article\" \/>\n<meta property=\"og:title\" content=\"recover it - ASACEAN\" \/>\n<meta property=\"og:description\" content=\"Departamento de Atenci\u00f3n al Usuario  info@recoverit.es  https:\/\/www.recoverit.es\/  +34 952 07 33 52 +34 657 71 12 67\" \/>\n<meta property=\"og:url\" content=\"https:\/\/asacean.com\/index.php\/producto\/recover-it\/\" \/>\n<meta property=\"og:site_name\" content=\"ASACEAN\" \/>\n<meta property=\"og:image\" content=\"https:\/\/asacean.com\/wp-content\/uploads\/2022\/06\/LOGO.jpeg\" \/>\n\t<meta property=\"og:image:width\" content=\"186\" \/>\n\t<meta property=\"og:image:height\" content=\"80\" \/>\n\t<meta property=\"og:image:type\" content=\"image\/jpeg\" \/>\n<meta name=\"twitter:card\" content=\"summary_large_image\" \/>\n<meta name=\"twitter:label1\" content=\"Tiempo de lectura\" \/>\n\t<meta name=\"twitter:data1\" content=\"2 minutos\" \/>\n<script type=\"application\/ld+json\" class=\"yoast-schema-graph\">{\"@context\":\"https:\\\/\\\/schema.org\",\"@graph\":[{\"@type\":\"WebPage\",\"@id\":\"https:\\\/\\\/asacean.com\\\/index.php\\\/producto\\\/recover-it\\\/\",\"url\":\"https:\\\/\\\/asacean.com\\\/index.php\\\/producto\\\/recover-it\\\/\",\"name\":\"recover it - ASACEAN\",\"isPartOf\":{\"@id\":\"https:\\\/\\\/asacean.com\\\/#website\"},\"primaryImageOfPage\":{\"@id\":\"https:\\\/\\\/asacean.com\\\/index.php\\\/producto\\\/recover-it\\\/#primaryimage\"},\"image\":{\"@id\":\"https:\\\/\\\/asacean.com\\\/index.php\\\/producto\\\/recover-it\\\/#primaryimage\"},\"thumbnailUrl\":\"https:\\\/\\\/asacean.com\\\/wp-content\\\/uploads\\\/2022\\\/06\\\/LOGO.jpeg\",\"datePublished\":\"2022-06-14T08:47:25+00:00\",\"breadcrumb\":{\"@id\":\"https:\\\/\\\/asacean.com\\\/index.php\\\/producto\\\/recover-it\\\/#breadcrumb\"},\"inLanguage\":\"es\",\"potentialAction\":[{\"@type\":\"ReadAction\",\"target\":[\"https:\\\/\\\/asacean.com\\\/index.php\\\/producto\\\/recover-it\\\/\"]}]},{\"@type\":\"ImageObject\",\"inLanguage\":\"es\",\"@id\":\"https:\\\/\\\/asacean.com\\\/index.php\\\/producto\\\/recover-it\\\/#primaryimage\",\"url\":\"https:\\\/\\\/asacean.com\\\/wp-content\\\/uploads\\\/2022\\\/06\\\/LOGO.jpeg\",\"contentUrl\":\"https:\\\/\\\/asacean.com\\\/wp-content\\\/uploads\\\/2022\\\/06\\\/LOGO.jpeg\",\"width\":186,\"height\":80},{\"@type\":\"BreadcrumbList\",\"@id\":\"https:\\\/\\\/asacean.com\\\/index.php\\\/producto\\\/recover-it\\\/#breadcrumb\",\"itemListElement\":[{\"@type\":\"ListItem\",\"position\":1,\"name\":\"Portada\",\"item\":\"https:\\\/\\\/asacean.com\\\/\"},{\"@type\":\"ListItem\",\"position\":2,\"name\":\"Sectores de actividad\",\"item\":\"https:\\\/\\\/asacean.com\\\/index.php\\\/sectores-de-actividad\\\/\"},{\"@type\":\"ListItem\",\"position\":3,\"name\":\"recover it\"}]},{\"@type\":\"WebSite\",\"@id\":\"https:\\\/\\\/asacean.com\\\/#website\",\"url\":\"https:\\\/\\\/asacean.com\\\/\",\"name\":\"ASACEAN\",\"description\":\"Asociaci\u00f3n de Aut\u00f3nomos, Comerciantes y Empresarios de Andaluc\u00eda\",\"publisher\":{\"@id\":\"https:\\\/\\\/asacean.com\\\/#organization\"},\"potentialAction\":[{\"@type\":\"SearchAction\",\"target\":{\"@type\":\"EntryPoint\",\"urlTemplate\":\"https:\\\/\\\/asacean.com\\\/?s={search_term_string}\"},\"query-input\":{\"@type\":\"PropertyValueSpecification\",\"valueRequired\":true,\"valueName\":\"search_term_string\"}}],\"inLanguage\":\"es\"},{\"@type\":\"Organization\",\"@id\":\"https:\\\/\\\/asacean.com\\\/#organization\",\"name\":\"ASACEAN\",\"url\":\"https:\\\/\\\/asacean.com\\\/\",\"logo\":{\"@type\":\"ImageObject\",\"inLanguage\":\"es\",\"@id\":\"https:\\\/\\\/asacean.com\\\/#\\\/schema\\\/logo\\\/image\\\/\",\"url\":\"https:\\\/\\\/asacean.com\\\/wp-content\\\/uploads\\\/2021\\\/10\\\/logoasacean1.png\",\"contentUrl\":\"https:\\\/\\\/asacean.com\\\/wp-content\\\/uploads\\\/2021\\\/10\\\/logoasacean1.png\",\"width\":561,\"height\":213,\"caption\":\"ASACEAN\"},\"image\":{\"@id\":\"https:\\\/\\\/asacean.com\\\/#\\\/schema\\\/logo\\\/image\\\/\"}}]}<\/script>\n<!-- \/ Yoast SEO plugin. -->","yoast_head_json":{"title":"recover it - ASACEAN","robots":{"index":"index","follow":"follow","max-snippet":"max-snippet:-1","max-image-preview":"max-image-preview:large","max-video-preview":"max-video-preview:-1"},"canonical":"https:\/\/asacean.com\/index.php\/producto\/recover-it\/","og_locale":"es_ES","og_type":"article","og_title":"recover it - ASACEAN","og_description":"Departamento de Atenci\u00f3n al Usuario  info@recoverit.es  https:\/\/www.recoverit.es\/  +34 952 07 33 52 +34 657 71 12 67","og_url":"https:\/\/asacean.com\/index.php\/producto\/recover-it\/","og_site_name":"ASACEAN","og_image":[{"width":186,"height":80,"url":"https:\/\/asacean.com\/wp-content\/uploads\/2022\/06\/LOGO.jpeg","type":"image\/jpeg"}],"twitter_card":"summary_large_image","twitter_misc":{"Tiempo de lectura":"2 minutos"},"schema":{"@context":"https:\/\/schema.org","@graph":[{"@type":"WebPage","@id":"https:\/\/asacean.com\/index.php\/producto\/recover-it\/","url":"https:\/\/asacean.com\/index.php\/producto\/recover-it\/","name":"recover it - ASACEAN","isPartOf":{"@id":"https:\/\/asacean.com\/#website"},"primaryImageOfPage":{"@id":"https:\/\/asacean.com\/index.php\/producto\/recover-it\/#primaryimage"},"image":{"@id":"https:\/\/asacean.com\/index.php\/producto\/recover-it\/#primaryimage"},"thumbnailUrl":"https:\/\/asacean.com\/wp-content\/uploads\/2022\/06\/LOGO.jpeg","datePublished":"2022-06-14T08:47:25+00:00","breadcrumb":{"@id":"https:\/\/asacean.com\/index.php\/producto\/recover-it\/#breadcrumb"},"inLanguage":"es","potentialAction":[{"@type":"ReadAction","target":["https:\/\/asacean.com\/index.php\/producto\/recover-it\/"]}]},{"@type":"ImageObject","inLanguage":"es","@id":"https:\/\/asacean.com\/index.php\/producto\/recover-it\/#primaryimage","url":"https:\/\/asacean.com\/wp-content\/uploads\/2022\/06\/LOGO.jpeg","contentUrl":"https:\/\/asacean.com\/wp-content\/uploads\/2022\/06\/LOGO.jpeg","width":186,"height":80},{"@type":"BreadcrumbList","@id":"https:\/\/asacean.com\/index.php\/producto\/recover-it\/#breadcrumb","itemListElement":[{"@type":"ListItem","position":1,"name":"Portada","item":"https:\/\/asacean.com\/"},{"@type":"ListItem","position":2,"name":"Sectores de actividad","item":"https:\/\/asacean.com\/index.php\/sectores-de-actividad\/"},{"@type":"ListItem","position":3,"name":"recover it"}]},{"@type":"WebSite","@id":"https:\/\/asacean.com\/#website","url":"https:\/\/asacean.com\/","name":"ASACEAN","description":"Asociaci\u00f3n de Aut\u00f3nomos, Comerciantes y Empresarios de Andaluc\u00eda","publisher":{"@id":"https:\/\/asacean.com\/#organization"},"potentialAction":[{"@type":"SearchAction","target":{"@type":"EntryPoint","urlTemplate":"https:\/\/asacean.com\/?s={search_term_string}"},"query-input":{"@type":"PropertyValueSpecification","valueRequired":true,"valueName":"search_term_string"}}],"inLanguage":"es"},{"@type":"Organization","@id":"https:\/\/asacean.com\/#organization","name":"ASACEAN","url":"https:\/\/asacean.com\/","logo":{"@type":"ImageObject","inLanguage":"es","@id":"https:\/\/asacean.com\/#\/schema\/logo\/image\/","url":"https:\/\/asacean.com\/wp-content\/uploads\/2021\/10\/logoasacean1.png","contentUrl":"https:\/\/asacean.com\/wp-content\/uploads\/2021\/10\/logoasacean1.png","width":561,"height":213,"caption":"ASACEAN"},"image":{"@id":"https:\/\/asacean.com\/#\/schema\/logo\/image\/"}}]}},"_links":{"self":[{"href":"https:\/\/asacean.com\/index.php\/wp-json\/wp\/v2\/product\/5973","targetHints":{"allow":["GET"]}}],"collection":[{"href":"https:\/\/asacean.com\/index.php\/wp-json\/wp\/v2\/product"}],"about":[{"href":"https:\/\/asacean.com\/index.php\/wp-json\/wp\/v2\/types\/product"}],"replies":[{"embeddable":true,"href":"https:\/\/asacean.com\/index.php\/wp-json\/wp\/v2\/comments?post=5973"}],"wp:featuredmedia":[{"embeddable":true,"href":"https:\/\/asacean.com\/index.php\/wp-json\/wp\/v2\/media\/5974"}],"wp:attachment":[{"href":"https:\/\/asacean.com\/index.php\/wp-json\/wp\/v2\/media?parent=5973"}],"wp:term":[{"taxonomy":"product_brand","embeddable":true,"href":"https:\/\/asacean.com\/index.php\/wp-json\/wp\/v2\/product_brand?post=5973"},{"taxonomy":"product_cat","embeddable":true,"href":"https:\/\/asacean.com\/index.php\/wp-json\/wp\/v2\/product_cat?post=5973"},{"taxonomy":"product_tag","embeddable":true,"href":"https:\/\/asacean.com\/index.php\/wp-json\/wp\/v2\/product_tag?post=5973"}],"curies":[{"name":"wp","href":"https:\/\/api.w.org\/{rel}","templated":true}]}}