{"id":6161,"date":"2025-05-20T09:16:49","date_gmt":"2025-05-20T09:16:49","guid":{"rendered":"https:\/\/asacean.com\/?post_type=product&#038;p=6161"},"modified":"2025-05-20T09:17:02","modified_gmt":"2025-05-20T09:17:02","slug":"cuspide-fenix","status":"publish","type":"product","link":"https:\/\/asacean.com\/index.php\/producto\/cuspide-fenix\/","title":{"rendered":"C\u00daSPIDE F\u00c9NIX"},"content":{"rendered":"<p><span style=\"font-family: Times New Roman, serif\"><span style=\"font-size: medium\"><span style=\"font-family: Calibri, serif\"><span style=\"font-size: small\">Lorena Paula Lissandrello<\/span><\/span><\/span><\/span><\/p>\n<p><span style=\"font-family: Times New Roman, serif\"><span style=\"font-size: medium\"><span style=\"font-family: Calibri, serif\"><span style=\"font-size: small\">MI CAMINO: Mi experiencia en la gesti\u00f3n y administraci\u00f3n de equipos en el mundo corporativo me ha brindado una perspectiva profunda del potencial humano.<\/span><\/span><\/span><\/span><\/p>\n<p><span style=\"font-family: Times New Roman, serif\"><span style=\"font-size: medium\"><span style=\"font-family: Calibri, serif\"><span style=\"font-size: small\">MI PASI\u00d3N: Las personas y el desarrollo personal, motor que impulsa mi trabajo.<\/span><\/span><\/span><\/span><\/p>\n<p><span style=\"font-family: Times New Roman, serif\"><span style=\"font-size: medium\"><span style=\"font-family: Calibri, serif\"><span style=\"font-size: small\">COACH Y TERAPEUTA HOL\u00cdSTICA especializada en Liderazgo.<\/span><\/span><\/span><\/span><\/p>\n<p><span style=\"font-family: Times New Roman, serif\"><span style=\"font-size: medium\"><span style=\"font-family: Calibri, serif\"><span style=\"font-size: small\">OBJETIVO: Impulsar el liderazgo de las personas a trav\u00e9s del desarrollo de su inteligencia emocional, permiti\u00e9ndoles liderar con impacto y autenticidad.<\/span><\/span><\/span><\/span><\/p>\n<p lang=\"es-AR\"><span style=\"font-size: small\">Lina Baddouca Gueniari<\/span><\/p>\n<p><span style=\"font-family: Times New Roman, serif\"><span style=\"font-size: medium\"><span style=\"font-family: Calibri, serif\"><span style=\"font-size: small\">MI CAMINO: Impulsando conexiones y oportunidades, Directiva en Asociaciones, experta en la gesti\u00f3n y organizaci\u00f3n de eventos sociales.<\/span><\/span><\/span><\/span><\/p>\n<p><span style=\"font-family: Times New Roman, serif\"><span style=\"font-size: medium\"><span style=\"font-family: Calibri, serif\"><span style=\"font-size: small\">MI PASI\u00d3N: Fomentar el bienestar en todas sus dimensiones.<\/span><\/span><\/span><\/span><\/p>\n<p><span style=\"font-family: Times New Roman, serif\"><span style=\"font-size: medium\"><span style=\"font-family: Calibri, serif\"><span style=\"font-size: small\">ASESORA EN EXTRANJER\u00cdA Y MIGRACI\u00d3N.<\/span><\/span><\/span><\/span><\/p>\n<p><span style=\"font-family: Times New Roman, serif\"><span style=\"font-size: medium\"><span style=\"font-family: Calibri, serif\"><span style=\"font-size: small\">OBJETIVO: Acompa\u00f1ar a las personas para que puedan desarrollar su m\u00e1ximo potencial, sin importar sus circunstancias o punto de partida.<\/span><\/span><\/span><\/span><\/p>\n<p lang=\"es-AR\" align=\"CENTER\"><span style=\"font-size: small\"><b>Que es C\u00faspide F\u00e9nix<\/b><\/span><\/p>\n<p><span style=\"font-size: small\">Organizamos <\/span><span style=\"font-size: small\"><b>retiros transformadores en Marruecos, India y Bali<\/b><\/span><span style=\"font-size: small\">, dise\u00f1ados exclusivamente para <\/span><span style=\"font-size: small\"><b>emprendedoras y empresarios visionarios<\/b><\/span><span style=\"font-size: small\">.<\/span><\/p>\n<p><span style=\"font-size: small\">En cada retiro trabajamos en profundidad:<\/span><\/p>\n<ul>\n<li><span style=\"font-size: small\"><b>Gesti\u00f3n emocional<\/b><\/span><\/li>\n<li><span style=\"font-size: small\"><b>Motivamos a conectar con esa fuerza del emprendimiento.<\/b><\/span><\/li>\n<li><span style=\"font-size: small\"><b>Inteligencia emocional aplicada al liderazgo<\/b><\/span><\/li>\n<\/ul>\n<p><span style=\"font-size: small\">Adem\u00e1s, fomentamos un entorno de <\/span><span style=\"font-size: small\"><b>networking estrat\u00e9gico y de alto nivel<\/b><\/span><span style=\"font-size: small\">, creando conexiones aut\u00e9nticas con l\u00edderes que comparten valores y prop\u00f3sito.<\/span><\/p>\n<p><span style=\"font-size: small\">Nuestra misi\u00f3n es ayudarte a liderar con conciencia, equilibrio y autenticidad, integrando cuerpo, mente y negocio.<\/span><\/p>\n<p><span style=\"font-family: Times New Roman, serif\"><span style=\"font-size: medium\"><span style=\"font-family: Calibri, serif\"><span style=\"font-size: small\">Queremos: Ser parte de un movimiento que eleve la vibraci\u00f3n y el bienestar de la humanidad, Ampliar la Consciencia para un crecimiento integral.<\/span><\/span> <span style=\"font-family: Calibri, serif\"><span style=\"font-size: small\">Especialmente para quienes sostienen a otros: Su motivaci\u00f3n e integridad es nuestro motor.<\/span><\/span><\/span><\/span><\/p>\n<p><span style=\"font-family: Calibri, serif\"><span style=\"font-size: small\">Somos una consultora en liderazgo consciente que organiza retiros transformadores en Marruecos, India y Bali, dise\u00f1ados para emprendedores y empresarias. En estos espacios \u00fanicos trabajamos gesti\u00f3n emocional, motivaci\u00f3n y liderazgo con inteligencia emocional. Adem\u00e1s, conectamos a l\u00edderes con prop\u00f3sito en un entorno de alto nivel de networking. No es solo un viaje, es una evoluci\u00f3n personal y profesional.<\/span><\/span><\/p>\n","protected":false},"excerpt":{"rendered":"<p>Lina Badoucca Gueniari<\/p>\n<p>Asesora en desarrollo motivacional<\/p>\n<p>66692 01 95<\/p>\n<p>Lorena Paula Lissandrello<\/p>\n<p>Asesora estrat\u00e9gica en liderazgo<\/p>\n<p>633 57 16 25<\/p>\n<p>cuspidefenix@gmail.com<\/p>\n<p>&nbsp;<\/p>\n<p>&nbsp;<\/p>\n","protected":false},"featured_media":6162,"comment_status":"open","ping_status":"closed","template":"","meta":{"ocean_post_layout":"","ocean_both_sidebars_style":"","ocean_both_sidebars_content_width":0,"ocean_both_sidebars_sidebars_width":0,"ocean_sidebar":"","ocean_second_sidebar":"","ocean_disable_margins":"enable","ocean_add_body_class":"","ocean_shortcode_before_top_bar":"","ocean_shortcode_after_top_bar":"","ocean_shortcode_before_header":"","ocean_shortcode_after_header":"","ocean_has_shortcode":"","ocean_shortcode_after_title":"","ocean_shortcode_before_footer_widgets":"","ocean_shortcode_after_footer_widgets":"","ocean_shortcode_before_footer_bottom":"","ocean_shortcode_after_footer_bottom":"","ocean_display_top_bar":"default","ocean_display_header":"default","ocean_header_style":"","ocean_center_header_left_menu":"","ocean_custom_header_template":"","ocean_custom_logo":0,"ocean_custom_retina_logo":0,"ocean_custom_logo_max_width":0,"ocean_custom_logo_tablet_max_width":0,"ocean_custom_logo_mobile_max_width":0,"ocean_custom_logo_max_height":0,"ocean_custom_logo_tablet_max_height":0,"ocean_custom_logo_mobile_max_height":0,"ocean_header_custom_menu":"","ocean_menu_typo_font_family":"","ocean_menu_typo_font_subset":"","ocean_menu_typo_font_size":0,"ocean_menu_typo_font_size_tablet":0,"ocean_menu_typo_font_size_mobile":0,"ocean_menu_typo_font_size_unit":"px","ocean_menu_typo_font_weight":"","ocean_menu_typo_font_weight_tablet":"","ocean_menu_typo_font_weight_mobile":"","ocean_menu_typo_transform":"","ocean_menu_typo_transform_tablet":"","ocean_menu_typo_transform_mobile":"","ocean_menu_typo_line_height":0,"ocean_menu_typo_line_height_tablet":0,"ocean_menu_typo_line_height_mobile":0,"ocean_menu_typo_line_height_unit":"","ocean_menu_typo_spacing":0,"ocean_menu_typo_spacing_tablet":0,"ocean_menu_typo_spacing_mobile":0,"ocean_menu_typo_spacing_unit":"","ocean_menu_link_color":"","ocean_menu_link_color_hover":"","ocean_menu_link_color_active":"","ocean_menu_link_background":"","ocean_menu_link_hover_background":"","ocean_menu_link_active_background":"","ocean_menu_social_links_bg":"","ocean_menu_social_hover_links_bg":"","ocean_menu_social_links_color":"","ocean_menu_social_hover_links_color":"","ocean_disable_title":"default","ocean_disable_heading":"default","ocean_post_title":"","ocean_post_subheading":"","ocean_post_title_style":"","ocean_post_title_background_color":"","ocean_post_title_background":0,"ocean_post_title_bg_image_position":"","ocean_post_title_bg_image_attachment":"","ocean_post_title_bg_image_repeat":"","ocean_post_title_bg_image_size":"","ocean_post_title_height":0,"ocean_post_title_bg_overlay":0.5,"ocean_post_title_bg_overlay_color":"","ocean_disable_breadcrumbs":"default","ocean_breadcrumbs_color":"","ocean_breadcrumbs_separator_color":"","ocean_breadcrumbs_links_color":"","ocean_breadcrumbs_links_hover_color":"","ocean_display_footer_widgets":"default","ocean_display_footer_bottom":"default","ocean_custom_footer_template":""},"product_brand":[],"product_cat":[107,402,403],"product_tag":[],"class_list":{"0":"post-6161","1":"product","2":"type-product","3":"status-publish","4":"has-post-thumbnail","6":"product_cat-consultoria-asesoria","7":"product_cat-desarrollo-motivacional","8":"product_cat-liderazgo","10":"entry","11":"has-media","13":"first","14":"instock","15":"shipping-taxable","16":"product-type-simple","17":"has-product-nav","18":"col","19":"span_1_of_3","20":"owp-content-center","21":"owp-thumbs-layout-horizontal","22":"owp-btn-normal","23":"owp-tabs-layout-horizontal","24":"has-no-thumbnails"},"yoast_head":"<!-- This site is optimized with the Yoast SEO plugin v27.3 - https:\/\/yoast.com\/product\/yoast-seo-wordpress\/ -->\n<title>C\u00daSPIDE F\u00c9NIX - ASACEAN<\/title>\n<meta name=\"robots\" content=\"index, follow, max-snippet:-1, max-image-preview:large, max-video-preview:-1\" \/>\n<link rel=\"canonical\" href=\"https:\/\/asacean.com\/index.php\/producto\/cuspide-fenix\/\" \/>\n<meta property=\"og:locale\" content=\"es_ES\" \/>\n<meta property=\"og:type\" content=\"article\" \/>\n<meta property=\"og:title\" content=\"C\u00daSPIDE F\u00c9NIX - ASACEAN\" \/>\n<meta property=\"og:description\" content=\"Lina Badoucca Gueniari  Asesora en desarrollo motivacional  66692 01 95  Lorena Paula Lissandrello  Asesora estrat\u00e9gica en liderazgo  633 57 16 25  cuspidefenix@gmail.com  &nbsp;  &nbsp;\" \/>\n<meta property=\"og:url\" content=\"https:\/\/asacean.com\/index.php\/producto\/cuspide-fenix\/\" \/>\n<meta property=\"og:site_name\" content=\"ASACEAN\" \/>\n<meta property=\"article:modified_time\" content=\"2025-05-20T09:17:02+00:00\" \/>\n<meta property=\"og:image\" content=\"https:\/\/asacean.com\/wp-content\/uploads\/2025\/05\/CUSPIDE-FENIX.jpg\" \/>\n\t<meta property=\"og:image:width\" content=\"500\" \/>\n\t<meta property=\"og:image:height\" content=\"500\" \/>\n\t<meta property=\"og:image:type\" content=\"image\/jpeg\" \/>\n<meta name=\"twitter:card\" content=\"summary_large_image\" \/>\n<meta name=\"twitter:label1\" content=\"Tiempo de lectura\" \/>\n\t<meta name=\"twitter:data1\" content=\"2 minutos\" \/>\n<script type=\"application\/ld+json\" class=\"yoast-schema-graph\">{\"@context\":\"https:\\\/\\\/schema.org\",\"@graph\":[{\"@type\":\"WebPage\",\"@id\":\"https:\\\/\\\/asacean.com\\\/index.php\\\/producto\\\/cuspide-fenix\\\/\",\"url\":\"https:\\\/\\\/asacean.com\\\/index.php\\\/producto\\\/cuspide-fenix\\\/\",\"name\":\"C\u00daSPIDE F\u00c9NIX - ASACEAN\",\"isPartOf\":{\"@id\":\"https:\\\/\\\/asacean.com\\\/#website\"},\"primaryImageOfPage\":{\"@id\":\"https:\\\/\\\/asacean.com\\\/index.php\\\/producto\\\/cuspide-fenix\\\/#primaryimage\"},\"image\":{\"@id\":\"https:\\\/\\\/asacean.com\\\/index.php\\\/producto\\\/cuspide-fenix\\\/#primaryimage\"},\"thumbnailUrl\":\"https:\\\/\\\/asacean.com\\\/wp-content\\\/uploads\\\/2025\\\/05\\\/CUSPIDE-FENIX.jpg\",\"datePublished\":\"2025-05-20T09:16:49+00:00\",\"dateModified\":\"2025-05-20T09:17:02+00:00\",\"breadcrumb\":{\"@id\":\"https:\\\/\\\/asacean.com\\\/index.php\\\/producto\\\/cuspide-fenix\\\/#breadcrumb\"},\"inLanguage\":\"es\",\"potentialAction\":[{\"@type\":\"ReadAction\",\"target\":[\"https:\\\/\\\/asacean.com\\\/index.php\\\/producto\\\/cuspide-fenix\\\/\"]}]},{\"@type\":\"ImageObject\",\"inLanguage\":\"es\",\"@id\":\"https:\\\/\\\/asacean.com\\\/index.php\\\/producto\\\/cuspide-fenix\\\/#primaryimage\",\"url\":\"https:\\\/\\\/asacean.com\\\/wp-content\\\/uploads\\\/2025\\\/05\\\/CUSPIDE-FENIX.jpg\",\"contentUrl\":\"https:\\\/\\\/asacean.com\\\/wp-content\\\/uploads\\\/2025\\\/05\\\/CUSPIDE-FENIX.jpg\",\"width\":500,\"height\":500},{\"@type\":\"BreadcrumbList\",\"@id\":\"https:\\\/\\\/asacean.com\\\/index.php\\\/producto\\\/cuspide-fenix\\\/#breadcrumb\",\"itemListElement\":[{\"@type\":\"ListItem\",\"position\":1,\"name\":\"Portada\",\"item\":\"https:\\\/\\\/asacean.com\\\/\"},{\"@type\":\"ListItem\",\"position\":2,\"name\":\"Sectores de actividad\",\"item\":\"https:\\\/\\\/asacean.com\\\/index.php\\\/sectores-de-actividad\\\/\"},{\"@type\":\"ListItem\",\"position\":3,\"name\":\"C\u00daSPIDE F\u00c9NIX\"}]},{\"@type\":\"WebSite\",\"@id\":\"https:\\\/\\\/asacean.com\\\/#website\",\"url\":\"https:\\\/\\\/asacean.com\\\/\",\"name\":\"ASACEAN\",\"description\":\"Asociaci\u00f3n de Aut\u00f3nomos, Comerciantes y Empresarios de Andaluc\u00eda\",\"publisher\":{\"@id\":\"https:\\\/\\\/asacean.com\\\/#organization\"},\"potentialAction\":[{\"@type\":\"SearchAction\",\"target\":{\"@type\":\"EntryPoint\",\"urlTemplate\":\"https:\\\/\\\/asacean.com\\\/?s={search_term_string}\"},\"query-input\":{\"@type\":\"PropertyValueSpecification\",\"valueRequired\":true,\"valueName\":\"search_term_string\"}}],\"inLanguage\":\"es\"},{\"@type\":\"Organization\",\"@id\":\"https:\\\/\\\/asacean.com\\\/#organization\",\"name\":\"ASACEAN\",\"url\":\"https:\\\/\\\/asacean.com\\\/\",\"logo\":{\"@type\":\"ImageObject\",\"inLanguage\":\"es\",\"@id\":\"https:\\\/\\\/asacean.com\\\/#\\\/schema\\\/logo\\\/image\\\/\",\"url\":\"https:\\\/\\\/asacean.com\\\/wp-content\\\/uploads\\\/2021\\\/10\\\/logoasacean1.png\",\"contentUrl\":\"https:\\\/\\\/asacean.com\\\/wp-content\\\/uploads\\\/2021\\\/10\\\/logoasacean1.png\",\"width\":561,\"height\":213,\"caption\":\"ASACEAN\"},\"image\":{\"@id\":\"https:\\\/\\\/asacean.com\\\/#\\\/schema\\\/logo\\\/image\\\/\"}}]}<\/script>\n<!-- \/ Yoast SEO plugin. -->","yoast_head_json":{"title":"C\u00daSPIDE F\u00c9NIX - ASACEAN","robots":{"index":"index","follow":"follow","max-snippet":"max-snippet:-1","max-image-preview":"max-image-preview:large","max-video-preview":"max-video-preview:-1"},"canonical":"https:\/\/asacean.com\/index.php\/producto\/cuspide-fenix\/","og_locale":"es_ES","og_type":"article","og_title":"C\u00daSPIDE F\u00c9NIX - ASACEAN","og_description":"Lina Badoucca Gueniari  Asesora en desarrollo motivacional  66692 01 95  Lorena Paula Lissandrello  Asesora estrat\u00e9gica en liderazgo  633 57 16 25  cuspidefenix@gmail.com  &nbsp;  &nbsp;","og_url":"https:\/\/asacean.com\/index.php\/producto\/cuspide-fenix\/","og_site_name":"ASACEAN","article_modified_time":"2025-05-20T09:17:02+00:00","og_image":[{"width":500,"height":500,"url":"https:\/\/asacean.com\/wp-content\/uploads\/2025\/05\/CUSPIDE-FENIX.jpg","type":"image\/jpeg"}],"twitter_card":"summary_large_image","twitter_misc":{"Tiempo de lectura":"2 minutos"},"schema":{"@context":"https:\/\/schema.org","@graph":[{"@type":"WebPage","@id":"https:\/\/asacean.com\/index.php\/producto\/cuspide-fenix\/","url":"https:\/\/asacean.com\/index.php\/producto\/cuspide-fenix\/","name":"C\u00daSPIDE F\u00c9NIX - ASACEAN","isPartOf":{"@id":"https:\/\/asacean.com\/#website"},"primaryImageOfPage":{"@id":"https:\/\/asacean.com\/index.php\/producto\/cuspide-fenix\/#primaryimage"},"image":{"@id":"https:\/\/asacean.com\/index.php\/producto\/cuspide-fenix\/#primaryimage"},"thumbnailUrl":"https:\/\/asacean.com\/wp-content\/uploads\/2025\/05\/CUSPIDE-FENIX.jpg","datePublished":"2025-05-20T09:16:49+00:00","dateModified":"2025-05-20T09:17:02+00:00","breadcrumb":{"@id":"https:\/\/asacean.com\/index.php\/producto\/cuspide-fenix\/#breadcrumb"},"inLanguage":"es","potentialAction":[{"@type":"ReadAction","target":["https:\/\/asacean.com\/index.php\/producto\/cuspide-fenix\/"]}]},{"@type":"ImageObject","inLanguage":"es","@id":"https:\/\/asacean.com\/index.php\/producto\/cuspide-fenix\/#primaryimage","url":"https:\/\/asacean.com\/wp-content\/uploads\/2025\/05\/CUSPIDE-FENIX.jpg","contentUrl":"https:\/\/asacean.com\/wp-content\/uploads\/2025\/05\/CUSPIDE-FENIX.jpg","width":500,"height":500},{"@type":"BreadcrumbList","@id":"https:\/\/asacean.com\/index.php\/producto\/cuspide-fenix\/#breadcrumb","itemListElement":[{"@type":"ListItem","position":1,"name":"Portada","item":"https:\/\/asacean.com\/"},{"@type":"ListItem","position":2,"name":"Sectores de actividad","item":"https:\/\/asacean.com\/index.php\/sectores-de-actividad\/"},{"@type":"ListItem","position":3,"name":"C\u00daSPIDE F\u00c9NIX"}]},{"@type":"WebSite","@id":"https:\/\/asacean.com\/#website","url":"https:\/\/asacean.com\/","name":"ASACEAN","description":"Asociaci\u00f3n de Aut\u00f3nomos, Comerciantes y Empresarios de Andaluc\u00eda","publisher":{"@id":"https:\/\/asacean.com\/#organization"},"potentialAction":[{"@type":"SearchAction","target":{"@type":"EntryPoint","urlTemplate":"https:\/\/asacean.com\/?s={search_term_string}"},"query-input":{"@type":"PropertyValueSpecification","valueRequired":true,"valueName":"search_term_string"}}],"inLanguage":"es"},{"@type":"Organization","@id":"https:\/\/asacean.com\/#organization","name":"ASACEAN","url":"https:\/\/asacean.com\/","logo":{"@type":"ImageObject","inLanguage":"es","@id":"https:\/\/asacean.com\/#\/schema\/logo\/image\/","url":"https:\/\/asacean.com\/wp-content\/uploads\/2021\/10\/logoasacean1.png","contentUrl":"https:\/\/asacean.com\/wp-content\/uploads\/2021\/10\/logoasacean1.png","width":561,"height":213,"caption":"ASACEAN"},"image":{"@id":"https:\/\/asacean.com\/#\/schema\/logo\/image\/"}}]}},"_links":{"self":[{"href":"https:\/\/asacean.com\/index.php\/wp-json\/wp\/v2\/product\/6161","targetHints":{"allow":["GET"]}}],"collection":[{"href":"https:\/\/asacean.com\/index.php\/wp-json\/wp\/v2\/product"}],"about":[{"href":"https:\/\/asacean.com\/index.php\/wp-json\/wp\/v2\/types\/product"}],"replies":[{"embeddable":true,"href":"https:\/\/asacean.com\/index.php\/wp-json\/wp\/v2\/comments?post=6161"}],"wp:featuredmedia":[{"embeddable":true,"href":"https:\/\/asacean.com\/index.php\/wp-json\/wp\/v2\/media\/6162"}],"wp:attachment":[{"href":"https:\/\/asacean.com\/index.php\/wp-json\/wp\/v2\/media?parent=6161"}],"wp:term":[{"taxonomy":"product_brand","embeddable":true,"href":"https:\/\/asacean.com\/index.php\/wp-json\/wp\/v2\/product_brand?post=6161"},{"taxonomy":"product_cat","embeddable":true,"href":"https:\/\/asacean.com\/index.php\/wp-json\/wp\/v2\/product_cat?post=6161"},{"taxonomy":"product_tag","embeddable":true,"href":"https:\/\/asacean.com\/index.php\/wp-json\/wp\/v2\/product_tag?post=6161"}],"curies":[{"name":"wp","href":"https:\/\/api.w.org\/{rel}","templated":true}]}}