{"id":6219,"date":"2025-11-10T10:54:43","date_gmt":"2025-11-10T10:54:43","guid":{"rendered":"https:\/\/asacean.com\/?post_type=product&#038;p=6219"},"modified":"2025-11-11T11:06:21","modified_gmt":"2025-11-11T11:06:21","slug":"generali","status":"publish","type":"product","link":"https:\/\/asacean.com\/index.php\/producto\/generali\/","title":{"rendered":"GENERALI"},"content":{"rendered":"<p><b>GENERALI<\/b>, es uno de los mayores grupos integrados de seguros y gesti\u00f3n de activos a nivel mundial. Fundada en 1831, est\u00e1 presente en m\u00e1s de 50 pa\u00edses en el mundo, En Espa\u00f1a desde 1834, con unos ingresos totales por primas de 95.200 millones de euros en 2024. Con alrededor de 87.000 empleados que atienden a 71 millones de clientes, el Grupo ocupa una posici\u00f3n de liderazgo en Europa y cuenta con una presencia creciente en Asia y Am\u00e9rica Latina. En Generali, disponemos de m\u00e1s de 150 productos aseguradores distintos, lo cual hacer que podamos cubrir ampliamente todas las necesidades de nuestro clientes y empresas, pero\u2026 lo mejor no son nuestros productos altamente competitivos, sino nuestros empleados, los cuales saben ponerse en la piel, de cada cliente para identificar y dar soluci\u00f3n a cada una de las necesidades.<\/p>\n<p align=\"JUSTIFY\">\u00bfQui\u00e9n soy?<\/p>\n<p align=\"JUSTIFY\">Con m\u00e1s de 9 a\u00f1os de experiencia en el sector asegurador, he tenido el privilegio de colaborar con diversas compa\u00f1\u00edas l\u00edderes, lo que me ha permitido desarrollar una visi\u00f3n integral y estrat\u00e9gica de este mercado din\u00e1mico. Durante este tiempo, he abordado desaf\u00edos diversos, siempre enfoc\u00e1ndome en ofrecer soluciones que respondan a las necesidades espec\u00edficas de cada cliente, de forma profesional, \u00e9tica y discreta.<\/p>\n<p align=\"JUSTIFY\">Mi nombre es Jos\u00e9 Garc\u00eda y como aut\u00f3nomo y asesor de seguros, el valor del cliente ha sido siempre, el eje central de mi trayectoria profesional. Creo firmemente que un servicio excepcional, basado en la confianza y la transparencia, es clave para establecer relaciones duraderas y generar satisfacci\u00f3n. Mi enfoque se centra en comprender profundamente las preocupaciones y expectativas de las personas y me preocupo de dise\u00f1ar estrategias que no solo protejan su patrimonio, sino que tambi\u00e9n les proporcionen tranquilidad y seguridad.<\/p>\n<p align=\"JUSTIFY\">Dicho esto, os animo a dar el primer paso, hacia una relaci\u00f3n que de seguro ser\u00e1 beneficiosa y gratificante.<\/p>\n","protected":false},"excerpt":{"rendered":"<p>Jos\u00e9 Garc\u00eda Cervan<\/p>\n<p>Agente exclusivo<\/p>\n<p>T. 952 129 741<\/p>\n<p>M. 722 115 293<\/p>\n<p>F. 951 129 748<\/p>\n<p>jose.garciacervan@generalimediadores.es<\/p>\n<p><a href=\"https:\/\/josegarciacervan.seguros.generali.es\/\">https:\/\/josegarciacervan.seguros.generali.es\/<\/a><\/p>\n","protected":false},"featured_media":6164,"comment_status":"open","ping_status":"closed","template":"","meta":{"ocean_post_layout":"","ocean_both_sidebars_style":"","ocean_both_sidebars_content_width":0,"ocean_both_sidebars_sidebars_width":0,"ocean_sidebar":"","ocean_second_sidebar":"","ocean_disable_margins":"enable","ocean_add_body_class":"","ocean_shortcode_before_top_bar":"","ocean_shortcode_after_top_bar":"","ocean_shortcode_before_header":"","ocean_shortcode_after_header":"","ocean_has_shortcode":"","ocean_shortcode_after_title":"","ocean_shortcode_before_footer_widgets":"","ocean_shortcode_after_footer_widgets":"","ocean_shortcode_before_footer_bottom":"","ocean_shortcode_after_footer_bottom":"","ocean_display_top_bar":"default","ocean_display_header":"default","ocean_header_style":"","ocean_center_header_left_menu":"","ocean_custom_header_template":"","ocean_custom_logo":0,"ocean_custom_retina_logo":0,"ocean_custom_logo_max_width":0,"ocean_custom_logo_tablet_max_width":0,"ocean_custom_logo_mobile_max_width":0,"ocean_custom_logo_max_height":0,"ocean_custom_logo_tablet_max_height":0,"ocean_custom_logo_mobile_max_height":0,"ocean_header_custom_menu":"","ocean_menu_typo_font_family":"","ocean_menu_typo_font_subset":"","ocean_menu_typo_font_size":0,"ocean_menu_typo_font_size_tablet":0,"ocean_menu_typo_font_size_mobile":0,"ocean_menu_typo_font_size_unit":"px","ocean_menu_typo_font_weight":"","ocean_menu_typo_font_weight_tablet":"","ocean_menu_typo_font_weight_mobile":"","ocean_menu_typo_transform":"","ocean_menu_typo_transform_tablet":"","ocean_menu_typo_transform_mobile":"","ocean_menu_typo_line_height":0,"ocean_menu_typo_line_height_tablet":0,"ocean_menu_typo_line_height_mobile":0,"ocean_menu_typo_line_height_unit":"","ocean_menu_typo_spacing":0,"ocean_menu_typo_spacing_tablet":0,"ocean_menu_typo_spacing_mobile":0,"ocean_menu_typo_spacing_unit":"","ocean_menu_link_color":"","ocean_menu_link_color_hover":"","ocean_menu_link_color_active":"","ocean_menu_link_background":"","ocean_menu_link_hover_background":"","ocean_menu_link_active_background":"","ocean_menu_social_links_bg":"","ocean_menu_social_hover_links_bg":"","ocean_menu_social_links_color":"","ocean_menu_social_hover_links_color":"","ocean_disable_title":"default","ocean_disable_heading":"default","ocean_post_title":"","ocean_post_subheading":"","ocean_post_title_style":"","ocean_post_title_background_color":"","ocean_post_title_background":0,"ocean_post_title_bg_image_position":"","ocean_post_title_bg_image_attachment":"","ocean_post_title_bg_image_repeat":"","ocean_post_title_bg_image_size":"","ocean_post_title_height":0,"ocean_post_title_bg_overlay":0.5,"ocean_post_title_bg_overlay_color":"","ocean_disable_breadcrumbs":"default","ocean_breadcrumbs_color":"","ocean_breadcrumbs_separator_color":"","ocean_breadcrumbs_links_color":"","ocean_breadcrumbs_links_hover_color":"","ocean_display_footer_widgets":"default","ocean_display_footer_bottom":"default","ocean_custom_footer_template":""},"product_brand":[],"product_cat":[404],"product_tag":[],"class_list":{"0":"post-6219","1":"product","2":"type-product","3":"status-publish","4":"has-post-thumbnail","6":"product_cat-seguros","8":"entry","9":"has-media","11":"first","12":"instock","13":"shipping-taxable","14":"product-type-simple","15":"has-product-nav","16":"col","17":"span_1_of_3","18":"owp-content-center","19":"owp-thumbs-layout-horizontal","20":"owp-btn-normal","21":"owp-tabs-layout-horizontal","22":"has-no-thumbnails"},"yoast_head":"<!-- This site is optimized with the Yoast SEO plugin v27.3 - https:\/\/yoast.com\/product\/yoast-seo-wordpress\/ -->\n<title>GENERALI - ASACEAN<\/title>\n<meta name=\"robots\" content=\"index, follow, max-snippet:-1, max-image-preview:large, max-video-preview:-1\" \/>\n<link rel=\"canonical\" href=\"https:\/\/asacean.com\/index.php\/producto\/generali\/\" \/>\n<meta property=\"og:locale\" content=\"es_ES\" \/>\n<meta property=\"og:type\" content=\"article\" \/>\n<meta property=\"og:title\" content=\"GENERALI - ASACEAN\" \/>\n<meta property=\"og:description\" content=\"Jos\u00e9 Garc\u00eda Cervan  Agente exclusivo  T. 952 129 741  M. 722 115 293  F. 951 129 748  jose.garciacervan@generalimediadores.es  https:\/\/josegarciacervan.seguros.generali.es\/\" \/>\n<meta property=\"og:url\" content=\"https:\/\/asacean.com\/index.php\/producto\/generali\/\" \/>\n<meta property=\"og:site_name\" content=\"ASACEAN\" \/>\n<meta property=\"article:modified_time\" content=\"2025-11-11T11:06:21+00:00\" \/>\n<meta property=\"og:image\" content=\"https:\/\/asacean.com\/wp-content\/uploads\/2025\/05\/LOGO-GENERALI.jpg\" \/>\n\t<meta property=\"og:image:width\" content=\"850\" \/>\n\t<meta property=\"og:image:height\" content=\"414\" \/>\n\t<meta property=\"og:image:type\" content=\"image\/jpeg\" \/>\n<meta name=\"twitter:card\" content=\"summary_large_image\" \/>\n<meta name=\"twitter:label1\" content=\"Tiempo de lectura\" \/>\n\t<meta name=\"twitter:data1\" content=\"2 minutos\" \/>\n<script type=\"application\/ld+json\" class=\"yoast-schema-graph\">{\"@context\":\"https:\\\/\\\/schema.org\",\"@graph\":[{\"@type\":\"WebPage\",\"@id\":\"https:\\\/\\\/asacean.com\\\/index.php\\\/producto\\\/generali\\\/\",\"url\":\"https:\\\/\\\/asacean.com\\\/index.php\\\/producto\\\/generali\\\/\",\"name\":\"GENERALI - ASACEAN\",\"isPartOf\":{\"@id\":\"https:\\\/\\\/asacean.com\\\/#website\"},\"primaryImageOfPage\":{\"@id\":\"https:\\\/\\\/asacean.com\\\/index.php\\\/producto\\\/generali\\\/#primaryimage\"},\"image\":{\"@id\":\"https:\\\/\\\/asacean.com\\\/index.php\\\/producto\\\/generali\\\/#primaryimage\"},\"thumbnailUrl\":\"https:\\\/\\\/asacean.com\\\/wp-content\\\/uploads\\\/2025\\\/05\\\/LOGO-GENERALI.jpg\",\"datePublished\":\"2025-11-10T10:54:43+00:00\",\"dateModified\":\"2025-11-11T11:06:21+00:00\",\"breadcrumb\":{\"@id\":\"https:\\\/\\\/asacean.com\\\/index.php\\\/producto\\\/generali\\\/#breadcrumb\"},\"inLanguage\":\"es\",\"potentialAction\":[{\"@type\":\"ReadAction\",\"target\":[\"https:\\\/\\\/asacean.com\\\/index.php\\\/producto\\\/generali\\\/\"]}]},{\"@type\":\"ImageObject\",\"inLanguage\":\"es\",\"@id\":\"https:\\\/\\\/asacean.com\\\/index.php\\\/producto\\\/generali\\\/#primaryimage\",\"url\":\"https:\\\/\\\/asacean.com\\\/wp-content\\\/uploads\\\/2025\\\/05\\\/LOGO-GENERALI.jpg\",\"contentUrl\":\"https:\\\/\\\/asacean.com\\\/wp-content\\\/uploads\\\/2025\\\/05\\\/LOGO-GENERALI.jpg\",\"width\":850,\"height\":414},{\"@type\":\"BreadcrumbList\",\"@id\":\"https:\\\/\\\/asacean.com\\\/index.php\\\/producto\\\/generali\\\/#breadcrumb\",\"itemListElement\":[{\"@type\":\"ListItem\",\"position\":1,\"name\":\"Portada\",\"item\":\"https:\\\/\\\/asacean.com\\\/\"},{\"@type\":\"ListItem\",\"position\":2,\"name\":\"Sectores de actividad\",\"item\":\"https:\\\/\\\/asacean.com\\\/index.php\\\/sectores-de-actividad\\\/\"},{\"@type\":\"ListItem\",\"position\":3,\"name\":\"GENERALI\"}]},{\"@type\":\"WebSite\",\"@id\":\"https:\\\/\\\/asacean.com\\\/#website\",\"url\":\"https:\\\/\\\/asacean.com\\\/\",\"name\":\"ASACEAN\",\"description\":\"Asociaci\u00f3n de Aut\u00f3nomos, Comerciantes y Empresarios de Andaluc\u00eda\",\"publisher\":{\"@id\":\"https:\\\/\\\/asacean.com\\\/#organization\"},\"potentialAction\":[{\"@type\":\"SearchAction\",\"target\":{\"@type\":\"EntryPoint\",\"urlTemplate\":\"https:\\\/\\\/asacean.com\\\/?s={search_term_string}\"},\"query-input\":{\"@type\":\"PropertyValueSpecification\",\"valueRequired\":true,\"valueName\":\"search_term_string\"}}],\"inLanguage\":\"es\"},{\"@type\":\"Organization\",\"@id\":\"https:\\\/\\\/asacean.com\\\/#organization\",\"name\":\"ASACEAN\",\"url\":\"https:\\\/\\\/asacean.com\\\/\",\"logo\":{\"@type\":\"ImageObject\",\"inLanguage\":\"es\",\"@id\":\"https:\\\/\\\/asacean.com\\\/#\\\/schema\\\/logo\\\/image\\\/\",\"url\":\"https:\\\/\\\/asacean.com\\\/wp-content\\\/uploads\\\/2021\\\/10\\\/logoasacean1.png\",\"contentUrl\":\"https:\\\/\\\/asacean.com\\\/wp-content\\\/uploads\\\/2021\\\/10\\\/logoasacean1.png\",\"width\":561,\"height\":213,\"caption\":\"ASACEAN\"},\"image\":{\"@id\":\"https:\\\/\\\/asacean.com\\\/#\\\/schema\\\/logo\\\/image\\\/\"}}]}<\/script>\n<!-- \/ Yoast SEO plugin. -->","yoast_head_json":{"title":"GENERALI - ASACEAN","robots":{"index":"index","follow":"follow","max-snippet":"max-snippet:-1","max-image-preview":"max-image-preview:large","max-video-preview":"max-video-preview:-1"},"canonical":"https:\/\/asacean.com\/index.php\/producto\/generali\/","og_locale":"es_ES","og_type":"article","og_title":"GENERALI - ASACEAN","og_description":"Jos\u00e9 Garc\u00eda Cervan  Agente exclusivo  T. 952 129 741  M. 722 115 293  F. 951 129 748  jose.garciacervan@generalimediadores.es  https:\/\/josegarciacervan.seguros.generali.es\/","og_url":"https:\/\/asacean.com\/index.php\/producto\/generali\/","og_site_name":"ASACEAN","article_modified_time":"2025-11-11T11:06:21+00:00","og_image":[{"width":850,"height":414,"url":"https:\/\/asacean.com\/wp-content\/uploads\/2025\/05\/LOGO-GENERALI.jpg","type":"image\/jpeg"}],"twitter_card":"summary_large_image","twitter_misc":{"Tiempo de lectura":"2 minutos"},"schema":{"@context":"https:\/\/schema.org","@graph":[{"@type":"WebPage","@id":"https:\/\/asacean.com\/index.php\/producto\/generali\/","url":"https:\/\/asacean.com\/index.php\/producto\/generali\/","name":"GENERALI - ASACEAN","isPartOf":{"@id":"https:\/\/asacean.com\/#website"},"primaryImageOfPage":{"@id":"https:\/\/asacean.com\/index.php\/producto\/generali\/#primaryimage"},"image":{"@id":"https:\/\/asacean.com\/index.php\/producto\/generali\/#primaryimage"},"thumbnailUrl":"https:\/\/asacean.com\/wp-content\/uploads\/2025\/05\/LOGO-GENERALI.jpg","datePublished":"2025-11-10T10:54:43+00:00","dateModified":"2025-11-11T11:06:21+00:00","breadcrumb":{"@id":"https:\/\/asacean.com\/index.php\/producto\/generali\/#breadcrumb"},"inLanguage":"es","potentialAction":[{"@type":"ReadAction","target":["https:\/\/asacean.com\/index.php\/producto\/generali\/"]}]},{"@type":"ImageObject","inLanguage":"es","@id":"https:\/\/asacean.com\/index.php\/producto\/generali\/#primaryimage","url":"https:\/\/asacean.com\/wp-content\/uploads\/2025\/05\/LOGO-GENERALI.jpg","contentUrl":"https:\/\/asacean.com\/wp-content\/uploads\/2025\/05\/LOGO-GENERALI.jpg","width":850,"height":414},{"@type":"BreadcrumbList","@id":"https:\/\/asacean.com\/index.php\/producto\/generali\/#breadcrumb","itemListElement":[{"@type":"ListItem","position":1,"name":"Portada","item":"https:\/\/asacean.com\/"},{"@type":"ListItem","position":2,"name":"Sectores de actividad","item":"https:\/\/asacean.com\/index.php\/sectores-de-actividad\/"},{"@type":"ListItem","position":3,"name":"GENERALI"}]},{"@type":"WebSite","@id":"https:\/\/asacean.com\/#website","url":"https:\/\/asacean.com\/","name":"ASACEAN","description":"Asociaci\u00f3n de Aut\u00f3nomos, Comerciantes y Empresarios de Andaluc\u00eda","publisher":{"@id":"https:\/\/asacean.com\/#organization"},"potentialAction":[{"@type":"SearchAction","target":{"@type":"EntryPoint","urlTemplate":"https:\/\/asacean.com\/?s={search_term_string}"},"query-input":{"@type":"PropertyValueSpecification","valueRequired":true,"valueName":"search_term_string"}}],"inLanguage":"es"},{"@type":"Organization","@id":"https:\/\/asacean.com\/#organization","name":"ASACEAN","url":"https:\/\/asacean.com\/","logo":{"@type":"ImageObject","inLanguage":"es","@id":"https:\/\/asacean.com\/#\/schema\/logo\/image\/","url":"https:\/\/asacean.com\/wp-content\/uploads\/2021\/10\/logoasacean1.png","contentUrl":"https:\/\/asacean.com\/wp-content\/uploads\/2021\/10\/logoasacean1.png","width":561,"height":213,"caption":"ASACEAN"},"image":{"@id":"https:\/\/asacean.com\/#\/schema\/logo\/image\/"}}]}},"_links":{"self":[{"href":"https:\/\/asacean.com\/index.php\/wp-json\/wp\/v2\/product\/6219","targetHints":{"allow":["GET"]}}],"collection":[{"href":"https:\/\/asacean.com\/index.php\/wp-json\/wp\/v2\/product"}],"about":[{"href":"https:\/\/asacean.com\/index.php\/wp-json\/wp\/v2\/types\/product"}],"replies":[{"embeddable":true,"href":"https:\/\/asacean.com\/index.php\/wp-json\/wp\/v2\/comments?post=6219"}],"wp:featuredmedia":[{"embeddable":true,"href":"https:\/\/asacean.com\/index.php\/wp-json\/wp\/v2\/media\/6164"}],"wp:attachment":[{"href":"https:\/\/asacean.com\/index.php\/wp-json\/wp\/v2\/media?parent=6219"}],"wp:term":[{"taxonomy":"product_brand","embeddable":true,"href":"https:\/\/asacean.com\/index.php\/wp-json\/wp\/v2\/product_brand?post=6219"},{"taxonomy":"product_cat","embeddable":true,"href":"https:\/\/asacean.com\/index.php\/wp-json\/wp\/v2\/product_cat?post=6219"},{"taxonomy":"product_tag","embeddable":true,"href":"https:\/\/asacean.com\/index.php\/wp-json\/wp\/v2\/product_tag?post=6219"}],"curies":[{"name":"wp","href":"https:\/\/api.w.org\/{rel}","templated":true}]}}